{"id":5333,"date":"2024-12-13T12:19:41","date_gmt":"2024-12-13T15:19:41","guid":{"rendered":"http:\/\/colegioaugustowinter.cl\/sitio\/?page_id=5333"},"modified":"2024-12-13T12:19:43","modified_gmt":"2024-12-13T15:19:43","slug":"bases-licitacion","status":"publish","type":"page","link":"http:\/\/colegioaugustowinter.cl\/sitio\/?page_id=5333","title":{"rendered":"Bases Licitaci\u00f3n:\u00a0"},"content":{"rendered":"\n<p><strong>Capacitaci\u00f3n en estrategias efectivas de aprendizajes de la lectura y comprensi\u00f3n lectora como eje transversal del \u00e9xito escolar<\/strong><\/p>\n\n\n\n<p><a href=\"http:\/\/colegioaugustowinter.cl\/sitio\/?page_id=5320\" data-type=\"page\" data-id=\"5320\">Bases de Licitaci\u00f3n<\/a><\/p>\n\n\n\n<p><\/p>\n","protected":false},"excerpt":{"rendered":"<p>Capacitaci\u00f3n en estrategias efectivas de aprendizajes de la lectura y comprensi\u00f3n lectora como eje transversal del \u00e9xito escolar Bases de Licitaci\u00f3n<\/p>\n","protected":false},"author":5,"featured_media":0,"parent":0,"menu_order":0,"comment_status":"closed","ping_status":"closed","template":"","meta":{"footnotes":""},"class_list":["post-5333","page","type-page","status-publish","hentry"],"_links":{"self":[{"href":"http:\/\/colegioaugustowinter.cl\/sitio\/index.php?rest_route=\/wp\/v2\/pages\/5333","targetHints":{"allow":["GET"]}}],"collection":[{"href":"http:\/\/colegioaugustowinter.cl\/sitio\/index.php?rest_route=\/wp\/v2\/pages"}],"about":[{"href":"http:\/\/colegioaugustowinter.cl\/sitio\/index.php?rest_route=\/wp\/v2\/types\/page"}],"author":[{"embeddable":true,"href":"http:\/\/colegioaugustowinter.cl\/sitio\/index.php?rest_route=\/wp\/v2\/users\/5"}],"replies":[{"embeddable":true,"href":"http:\/\/colegioaugustowinter.cl\/sitio\/index.php?rest_route=%2Fwp%2Fv2%2Fcomments&post=5333"}],"version-history":[{"count":1,"href":"http:\/\/colegioaugustowinter.cl\/sitio\/index.php?rest_route=\/wp\/v2\/pages\/5333\/revisions"}],"predecessor-version":[{"id":5335,"href":"http:\/\/colegioaugustowinter.cl\/sitio\/index.php?rest_route=\/wp\/v2\/pages\/5333\/revisions\/5335"}],"wp:attachment":[{"href":"http:\/\/colegioaugustowinter.cl\/sitio\/index.php?rest_route=%2Fwp%2Fv2%2Fmedia&parent=5333"}],"curies":[{"name":"wp","href":"https:\/\/api.w.org\/{rel}","templated":true}]}}