{"id":2419,"date":"2021-08-12T16:18:53","date_gmt":"2021-08-12T19:18:53","guid":{"rendered":"http:\/\/colegioaugustowinter.cl\/sitio\/?page_id=2419"},"modified":"2025-04-08T17:16:07","modified_gmt":"2025-04-08T20:16:07","slug":"papinotas","status":"publish","type":"page","link":"http:\/\/colegioaugustowinter.cl\/sitio\/?page_id=2419","title":{"rendered":"Appoderado"},"content":{"rendered":"\n<p><a href=\"https:\/\/www.appoderado.cl\/sistema\/index-login\">https:\/\/www.appoderado.cl\/sistema\/index-login<\/a><\/p>\n\n\n\n<p>En el Colegio Augusto Winter contamos con el servicio de Apoderado por el  medio de esta aplicaci\u00f3n podr\u00e1s mantenerte actualizado sobre el desempe\u00f1o escolar el estudiante, recibiendo en tiempo real:<\/p>\n\n\n\n<ul class=\"wp-block-list\">\n<li>Observaciones<\/li>\n<\/ul>\n\n\n\n<ul class=\"wp-block-list\">\n<li>Notas<\/li>\n<\/ul>\n\n\n\n<ul class=\"wp-block-list\">\n<li>Comunicaciones<\/li>\n<\/ul>\n\n\n\n<ul class=\"wp-block-list\">\n<li>Calendario escolar<\/li>\n<\/ul>\n\n\n\n<figure class=\"wp-block-image size-full\"><img decoding=\"async\" src=\"http:\/\/colegioaugustowinter.cl\/sitio\/wp-content\/uploads\/2025\/04\/FDownloader.Net_AQOISuc2G2zfjbl6a1gDiUQAPFeRqHJc6gZEuUSzj-653bhMV8alsU0hYCU2u8AbUAPCAxspKQ4pTB3QQ95J2ptM_720p_HD.mp4\" alt=\"\" class=\"wp-image-5484\"\/><\/figure>\n","protected":false},"excerpt":{"rendered":"<p>https:\/\/www.appoderado.cl\/sistema\/index-login En el Colegio Augusto Winter contamos con el servicio de Apoderado por el medio de esta aplicaci\u00f3n podr\u00e1s mantenerte actualizado sobre el desempe\u00f1o escolar el estudiante, recibiendo en tiempo real:<\/p>\n","protected":false},"author":3,"featured_media":0,"parent":0,"menu_order":0,"comment_status":"closed","ping_status":"closed","template":"","meta":{"footnotes":""},"class_list":["post-2419","page","type-page","status-publish","hentry"],"_links":{"self":[{"href":"http:\/\/colegioaugustowinter.cl\/sitio\/index.php?rest_route=\/wp\/v2\/pages\/2419","targetHints":{"allow":["GET"]}}],"collection":[{"href":"http:\/\/colegioaugustowinter.cl\/sitio\/index.php?rest_route=\/wp\/v2\/pages"}],"about":[{"href":"http:\/\/colegioaugustowinter.cl\/sitio\/index.php?rest_route=\/wp\/v2\/types\/page"}],"author":[{"embeddable":true,"href":"http:\/\/colegioaugustowinter.cl\/sitio\/index.php?rest_route=\/wp\/v2\/users\/3"}],"replies":[{"embeddable":true,"href":"http:\/\/colegioaugustowinter.cl\/sitio\/index.php?rest_route=%2Fwp%2Fv2%2Fcomments&post=2419"}],"version-history":[{"count":8,"href":"http:\/\/colegioaugustowinter.cl\/sitio\/index.php?rest_route=\/wp\/v2\/pages\/2419\/revisions"}],"predecessor-version":[{"id":5486,"href":"http:\/\/colegioaugustowinter.cl\/sitio\/index.php?rest_route=\/wp\/v2\/pages\/2419\/revisions\/5486"}],"wp:attachment":[{"href":"http:\/\/colegioaugustowinter.cl\/sitio\/index.php?rest_route=%2Fwp%2Fv2%2Fmedia&parent=2419"}],"curies":[{"name":"wp","href":"https:\/\/api.w.org\/{rel}","templated":true}]}}