{"id":2288,"date":"2021-08-12T10:37:34","date_gmt":"2021-08-12T13:37:34","guid":{"rendered":"http:\/\/colegioaugustowinter.cl\/sitio\/?page_id=2288"},"modified":"2025-11-17T09:42:59","modified_gmt":"2025-11-17T12:42:59","slug":"taller-de-basquetbol","status":"publish","type":"page","link":"http:\/\/colegioaugustowinter.cl\/sitio\/?page_id=2288","title":{"rendered":"Taller de B\u00e1squetbol"},"content":{"rendered":"\n<p><\/p>\n\n\n\n<p>El&nbsp;Taller de B\u00e1squetbol&nbsp;de nuestro Colegio est\u00e1 pensado para que cada estudiante descubra, aprenda y perfeccione sus habilidades dentro de este apasionante deporte. Con un enfoque&nbsp;formativo y competitivo, los participantes desarrollar\u00e1n los fundamentos t\u00e9cnicos del b\u00e1squetbol, junto con estrategias de ataque y defensa que potenciar\u00e1n su desempe\u00f1o dentro de la cancha.<\/p>\n\n\n\n<p>Dirigido a estudiantes desde&nbsp;1\u00ba a 8\u00ba b\u00e1sico, este taller ofrece un espacio seguro, din\u00e1mico y motivador donde los ni\u00f1os y ni\u00f1as podr\u00e1n mejorar su coordinaci\u00f3n, trabajo en equipo y pensamiento t\u00e1ctico, mientras fortalecen su confianza y esp\u00edritu deportivo.<\/p>\n\n\n\n<p>Uno de nuestros principales objetivos es que los alumnos logren dominar aspectos t\u00e9cnicos y t\u00e1cticos que les permitan desenvolverse en contextos competitivos y, eventualmente,&nbsp;representar a nuestro Colegio&nbsp;en encuentros deportivos.<\/p>\n\n\n\n<p>\ud83d\uddd3&nbsp;<strong>D\u00eda:<\/strong>&nbsp;Mi\u00e9rcoles<br>\u23f0&nbsp;<strong>Horario:<\/strong>&nbsp;15:30 a 17:00 horas<br>\ud83d\udccd&nbsp;<strong>Lugar:<\/strong>&nbsp;Instalaciones del Colegio<br>\ud83d\udc68\u200d\ud83c\udfeb&nbsp;<strong>Profesor:<\/strong> Miguel Torres.<\/p>\n\n\n\n<p><\/p>\n\n\n\n<figure class=\"wp-block-image size-large\"><img fetchpriority=\"high\" decoding=\"async\" width=\"1024\" height=\"512\" src=\"http:\/\/colegioaugustowinter.cl\/sitio\/wp-content\/uploads\/2025\/11\/JEWERLY-Beauty-Treatment-Site-Banner-1024x512.png\" alt=\"\" class=\"wp-image-5627\" srcset=\"http:\/\/colegioaugustowinter.cl\/sitio\/wp-content\/uploads\/2025\/11\/JEWERLY-Beauty-Treatment-Site-Banner-1024x512.png 1024w, http:\/\/colegioaugustowinter.cl\/sitio\/wp-content\/uploads\/2025\/11\/JEWERLY-Beauty-Treatment-Site-Banner-768x384.png 768w, http:\/\/colegioaugustowinter.cl\/sitio\/wp-content\/uploads\/2025\/11\/JEWERLY-Beauty-Treatment-Site-Banner-320x160.png 320w, http:\/\/colegioaugustowinter.cl\/sitio\/wp-content\/uploads\/2025\/11\/JEWERLY-Beauty-Treatment-Site-Banner-480x240.png 480w, http:\/\/colegioaugustowinter.cl\/sitio\/wp-content\/uploads\/2025\/11\/JEWERLY-Beauty-Treatment-Site-Banner-800x400.png 800w, http:\/\/colegioaugustowinter.cl\/sitio\/wp-content\/uploads\/2025\/11\/JEWERLY-Beauty-Treatment-Site-Banner-640x320.png 640w, http:\/\/colegioaugustowinter.cl\/sitio\/wp-content\/uploads\/2025\/11\/JEWERLY-Beauty-Treatment-Site-Banner-400x200.png 400w, http:\/\/colegioaugustowinter.cl\/sitio\/wp-content\/uploads\/2025\/11\/JEWERLY-Beauty-Treatment-Site-Banner-367x184.png 367w, http:\/\/colegioaugustowinter.cl\/sitio\/wp-content\/uploads\/2025\/11\/JEWERLY-Beauty-Treatment-Site-Banner-600x300.png 600w\" sizes=\"(max-width: 1024px) 100vw, 1024px\" \/><\/figure>\n\n\n\n<div class=\"wp-block-gmedia-gallery gmedia-shortcode\"><div class=\"gmedia_gallery amron_module is_bot\" id=\"GmediaGallery_31\" data-gmid=\"31\" data-module=\"amron\"><script type=\"text\/javascript\">\n\t(function() {\n\t\tthis['GmediaGallery_31'] = {\n\t\t\t'settings':{\"collectionThumbRecomendedWidth\":\"260\",\"collectionPreloaderColor\":\"333333\",\"linkTargetWindow\":\"_blank\",\"thumbSpacing\":\"10\",\"tagsFilter\":\"1\",\"tagCloudAll\":\"All\",\"tagCloudTextColor\":\"rgba(0, 0, 0, 1)\",\"tagCloudTextColorOver\":\"rgba(255,255, 255, 1)\",\"tagCloudBgColor\":\"rgba(211, 211, 211, 1)\",\"tagCloudBgColorOver\":\"rgba(11, 11, 11, 1)\",\"collectionThumbHoverColor\":\"rgba(0, 0, 0, .7)\",\"collectionThumbContentBGColor\":\"rgba(245,245,245,1)\",\"collectionThumbTitleShow\":\"1\",\"collectionThumbTitleColor\":\"rgba(0,0,0,1)\",\"collectionThumbFontSize\":\"18\",\"collectionThumbDescriptionShow\":\"1\",\"collectionThumbDescriptionColor\":\"rgba(0,0,0,1)\",\"collectionThumbDescriptionFontSize\":\"15\",\"collectionReadMoreButtonLabel\":\"Read More\",\"collectionReadMoreButtonLabelColor\":\"rgba(255, 255, 255, 1)\",\"collectionReadMoreButtonBGColor\":\"rgba(0, 0, 0, 1)\",\"collectionReadMoreButtonLabelColorHover\":\"rgba(0, 0, 0, 1)\",\"collectionReadMoreButtonBGColorHover\":\"rgba(235,235,235,1)\",\"modaBgColor\":\"rgba(0,0,0,0.9)\",\"modalInfoBoxBgColor\":\"rgba(255,255,255,1)\",\"modalInfoBoxTitleTextColor\":\"000000\",\"modalInfoBoxTextColor\":\"333333\",\"infoBarCountersEnable\":\"1\",\"infoBarDateInfoEnable\":\"1\",\"lightBoxEnable\":\"1\",\"sliderPreloaderColor\":\"ffffff\",\"sliderBgColor\":\"rgba(0,0,0,0.8)\",\"sliderHeaderFooterBgColor\":\"000000\",\"sliderNavigationColor\":\"rgba(0,0,0,1)\",\"sliderNavigationIconColor\":\"rgba(255,255,255,1)\",\"sliderNavigationColorOver\":\"rgba(255,255,255,1)\",\"sliderNavigationIconColorOver\":\"rgba(0,0,0,1)\",\"sliderItemTitleFontSize\":\"24\",\"sliderItemTitleTextColor\":\"ffffff\",\"sliderThumbBarEnable\":\"0\",\"sliderThumbBarHoverColor\":\"ffffff\",\"sliderThumbSubMenuBackgroundColor\":\"rgba(0,0,0,1)\",\"sliderThumbSubMenuBackgroundColorOver\":\"rgba(255,255,255,1)\",\"sliderThumbSubMenuIconColor\":\"rgba(255,255,255,1)\",\"sliderThumbSubMenuIconHoverColor\":\"rgba(0,0,0,1)\",\"sliderInfoEnable\":\"1\",\"sliderItemDownload\":\"1\",\"sliderItemDiscuss\":\"1\",\"sliderSocialShareEnabled\":\"1\",\"sliderLikesEnabled\":\"1\",\"customCSS\":\"\",\"module_url\":\"http:\\\/\\\/colegioaugustowinter.cl\\\/sitio\\\/wp-content\\\/plugins\\\/grand-media\\\/module\\\/amron\",\"license\":\"\",\"post_url\":\"http:\\\/\\\/colegioaugustowinter.cl\\\/sitio?rest_route=wpv2pages2288\"},\n\t\t\t'appQuery':{\"orderby\":\"ID\",\"order\":\"DESC\",\"album__in\":\"30\",\"status\":[\"publish\"],\"limit\":100},\n\t\t\t'appApi':\"http:\\\/\\\/colegioaugustowinter.cl\\\/sitio\\\/?gmedia-app=1&gmappversion=4&gmmodule=1\",\n\t\t\t'appInfo':{\"name\":\"Taller de B\\u00e1squet\",\"description\":\"\"}};\n\t})();\n<\/script>\n<\/div><\/div>\n","protected":false},"excerpt":{"rendered":"<p>El&nbsp;Taller de B\u00e1squetbol&nbsp;de nuestro Colegio est\u00e1 pensado para que cada estudiante descubra, aprenda y perfeccione sus habilidades dentro de este apasionante deporte. Con un enfoque&nbsp;formativo y competitivo, los participantes desarrollar\u00e1n los fundamentos t\u00e9cnicos del b\u00e1squetbol, junto con estrategias de ataque y defensa que potenciar\u00e1n su desempe\u00f1o dentro de la cancha. Dirigido a estudiantes desde&nbsp;1\u00ba a [&hellip;]<\/p>\n","protected":false},"author":3,"featured_media":0,"parent":0,"menu_order":0,"comment_status":"closed","ping_status":"closed","template":"","meta":{"footnotes":""},"class_list":["post-2288","page","type-page","status-publish","hentry"],"_links":{"self":[{"href":"http:\/\/colegioaugustowinter.cl\/sitio\/index.php?rest_route=\/wp\/v2\/pages\/2288","targetHints":{"allow":["GET"]}}],"collection":[{"href":"http:\/\/colegioaugustowinter.cl\/sitio\/index.php?rest_route=\/wp\/v2\/pages"}],"about":[{"href":"http:\/\/colegioaugustowinter.cl\/sitio\/index.php?rest_route=\/wp\/v2\/types\/page"}],"author":[{"embeddable":true,"href":"http:\/\/colegioaugustowinter.cl\/sitio\/index.php?rest_route=\/wp\/v2\/users\/3"}],"replies":[{"embeddable":true,"href":"http:\/\/colegioaugustowinter.cl\/sitio\/index.php?rest_route=%2Fwp%2Fv2%2Fcomments&post=2288"}],"version-history":[{"count":13,"href":"http:\/\/colegioaugustowinter.cl\/sitio\/index.php?rest_route=\/wp\/v2\/pages\/2288\/revisions"}],"predecessor-version":[{"id":5629,"href":"http:\/\/colegioaugustowinter.cl\/sitio\/index.php?rest_route=\/wp\/v2\/pages\/2288\/revisions\/5629"}],"wp:attachment":[{"href":"http:\/\/colegioaugustowinter.cl\/sitio\/index.php?rest_route=%2Fwp%2Fv2%2Fmedia&parent=2288"}],"curies":[{"name":"wp","href":"https:\/\/api.w.org\/{rel}","templated":true}]}}