{"id":2286,"date":"2021-08-12T10:36:41","date_gmt":"2021-08-12T13:36:41","guid":{"rendered":"http:\/\/colegioaugustowinter.cl\/sitio\/?page_id=2286"},"modified":"2021-08-19T10:30:24","modified_gmt":"2021-08-19T13:30:24","slug":"taller-de-musica","status":"publish","type":"page","link":"http:\/\/colegioaugustowinter.cl\/sitio\/?page_id=2286","title":{"rendered":"Taller de M\u00fasica"},"content":{"rendered":"\n<p>El taller de m\u00fasica es una instancia de acercamiento a la pr\u00e1ctica musical instrumental, al lenguaje musical y a desarrollar h\u00e1bitos de estudio en un instrumento a trav\u00e9s del estudio de repertorio popular, enfocado en las posibilidades instrumentales y vocales que presenten los estudiantes.<\/p>\n\n\n\n<p>Objetivos del taller:<\/p>\n\n\n\n<p>\u00a0General:<\/p>\n\n\n\n<p>Aprender y ejecutar obras del repertorio popular en voces e instrumentos.<\/p>\n\n\n\n<p>Espec\u00edficos:<\/p>\n\n\n\n<p>&#8211;&nbsp;&nbsp;&nbsp;&nbsp;&nbsp;&nbsp;Aprender la correcta postura y actitud para cantar o ejecutar un instrumento.<\/p>\n\n\n\n<p>&#8211;&nbsp;&nbsp;&nbsp;&nbsp;&nbsp;&nbsp;Aprender la digitaci\u00f3n del instrumento o uso adecuado de la voz.<\/p>\n\n\n\n<p>&#8211;&nbsp;&nbsp;&nbsp;&nbsp;&nbsp;&nbsp;Aprender obras del repertorio popular.<\/p>\n\n\n\n<p>&#8211;\u00a0\u00a0\u00a0\u00a0\u00a0\u00a0Ensamblar cada uno de los estudiantes en un todo musical.<\/p>\n\n\n\n<figure class=\"wp-block-image size-full is-resized\"><img fetchpriority=\"high\" decoding=\"async\" src=\"http:\/\/colegioaugustowinter.cl\/sitio\/wp-content\/uploads\/2021\/08\/musica-2.jpg\" alt=\"\" class=\"wp-image-2659\" width=\"1032\" height=\"1032\" srcset=\"http:\/\/colegioaugustowinter.cl\/sitio\/wp-content\/uploads\/2021\/08\/musica-2.jpg 381w, http:\/\/colegioaugustowinter.cl\/sitio\/wp-content\/uploads\/2021\/08\/musica-2-367x367.jpg 367w\" sizes=\"(max-width: 1032px) 100vw, 1032px\" \/><\/figure>\n","protected":false},"excerpt":{"rendered":"<p>El taller de m\u00fasica es una instancia de acercamiento a la pr\u00e1ctica musical instrumental, al lenguaje musical y a desarrollar h\u00e1bitos de estudio en un instrumento a trav\u00e9s del estudio de repertorio popular, enfocado en las posibilidades instrumentales y vocales que presenten los estudiantes. Objetivos del taller: \u00a0General: Aprender y ejecutar obras del repertorio popular [&hellip;]<\/p>\n","protected":false},"author":3,"featured_media":0,"parent":0,"menu_order":0,"comment_status":"closed","ping_status":"closed","template":"","meta":{"footnotes":""},"class_list":["post-2286","page","type-page","status-publish","hentry"],"_links":{"self":[{"href":"http:\/\/colegioaugustowinter.cl\/sitio\/index.php?rest_route=\/wp\/v2\/pages\/2286","targetHints":{"allow":["GET"]}}],"collection":[{"href":"http:\/\/colegioaugustowinter.cl\/sitio\/index.php?rest_route=\/wp\/v2\/pages"}],"about":[{"href":"http:\/\/colegioaugustowinter.cl\/sitio\/index.php?rest_route=\/wp\/v2\/types\/page"}],"author":[{"embeddable":true,"href":"http:\/\/colegioaugustowinter.cl\/sitio\/index.php?rest_route=\/wp\/v2\/users\/3"}],"replies":[{"embeddable":true,"href":"http:\/\/colegioaugustowinter.cl\/sitio\/index.php?rest_route=%2Fwp%2Fv2%2Fcomments&post=2286"}],"version-history":[{"count":2,"href":"http:\/\/colegioaugustowinter.cl\/sitio\/index.php?rest_route=\/wp\/v2\/pages\/2286\/revisions"}],"predecessor-version":[{"id":2660,"href":"http:\/\/colegioaugustowinter.cl\/sitio\/index.php?rest_route=\/wp\/v2\/pages\/2286\/revisions\/2660"}],"wp:attachment":[{"href":"http:\/\/colegioaugustowinter.cl\/sitio\/index.php?rest_route=%2Fwp%2Fv2%2Fmedia&parent=2286"}],"curies":[{"name":"wp","href":"https:\/\/api.w.org\/{rel}","templated":true}]}}