{"id":2284,"date":"2021-08-12T10:36:10","date_gmt":"2021-08-12T13:36:10","guid":{"rendered":"http:\/\/colegioaugustowinter.cl\/sitio\/?page_id=2284"},"modified":"2022-04-13T13:00:14","modified_gmt":"2022-04-13T16:00:14","slug":"taller-de-ciencia","status":"publish","type":"page","link":"http:\/\/colegioaugustowinter.cl\/sitio\/?page_id=2284","title":{"rendered":"Taller de Ciencia"},"content":{"rendered":"\n<p>De manera l\u00fadica y entretenida nuestros estudiantes conocen acerca de la ciencia, a trav\u00e9s de este taller que se desarrolla los d\u00edas  jueves de 16:00 a 17:00 horas en nuestra instituci\u00f3n, por la <strong>profesora Karina Jaras. <\/strong><\/p>\n\n\n\n<p>&nbsp;Est\u00e1 destinado a estudiantes de<strong> 5\u00b0 a 8\u00b0 b\u00e1sico<\/strong>, bajo el contexto de taller cient\u00edfico&nbsp;que promueve habilidades pr\u00e1ctica-experimental y participativa, que&nbsp;fomenta el desarrollo de competencias para la valoraci\u00f3n de la ciencia.<\/p>\n\n\n\n<p>&nbsp;<strong>El prop\u00f3sito del taller<\/strong> es ofrecer un espacio para que ni\u00f1os\/as potencien de forma pr\u00e1ctica las habilidades cient\u00edficas que busca desarrollar el curr\u00edculum nacional de ciencias, con lo cual se&nbsp;espera que el taller no s\u00f3lo apoye y tenga una acci\u00f3n de reforzamiento de los aprendizajes esperados en la asignatura de ciencias, sino que permita y estimule el desarrollo de formas de pensamiento cient\u00edfico y la adquisici\u00f3n de m\u00e9todos de trabajo propios del quehacer cient\u00edfico.&nbsp;<\/p>\n\n\n\n<p><\/p>\n\n\n\n<div class=\"wp-block-gmedia-gallery gmedia-shortcode\"><div class=\"gmedia_gallery amron_module is_bot\" id=\"GmediaGallery_27\" data-gmid=\"27\" data-module=\"amron\"><script type=\"text\/javascript\">\n\t(function() {\n\t\tthis['GmediaGallery_27'] = {\n\t\t\t'settings':{\"collectionThumbRecomendedWidth\":\"260\",\"collectionPreloaderColor\":\"333333\",\"linkTargetWindow\":\"_blank\",\"thumbSpacing\":\"10\",\"tagsFilter\":\"1\",\"tagCloudAll\":\"All\",\"tagCloudTextColor\":\"rgba(0, 0, 0, 1)\",\"tagCloudTextColorOver\":\"rgba(255,255, 255, 1)\",\"tagCloudBgColor\":\"rgba(211, 211, 211, 1)\",\"tagCloudBgColorOver\":\"rgba(11, 11, 11, 1)\",\"collectionThumbHoverColor\":\"rgba(0, 0, 0, .7)\",\"collectionThumbContentBGColor\":\"rgba(245,245,245,1)\",\"collectionThumbTitleShow\":\"1\",\"collectionThumbTitleColor\":\"rgba(0,0,0,1)\",\"collectionThumbFontSize\":\"18\",\"collectionThumbDescriptionShow\":\"1\",\"collectionThumbDescriptionColor\":\"rgba(0,0,0,1)\",\"collectionThumbDescriptionFontSize\":\"15\",\"collectionReadMoreButtonLabel\":\"Read More\",\"collectionReadMoreButtonLabelColor\":\"rgba(255, 255, 255, 1)\",\"collectionReadMoreButtonBGColor\":\"rgba(0, 0, 0, 1)\",\"collectionReadMoreButtonLabelColorHover\":\"rgba(0, 0, 0, 1)\",\"collectionReadMoreButtonBGColorHover\":\"rgba(235,235,235,1)\",\"modaBgColor\":\"rgba(0,0,0,0.9)\",\"modalInfoBoxBgColor\":\"rgba(255,255,255,1)\",\"modalInfoBoxTitleTextColor\":\"000000\",\"modalInfoBoxTextColor\":\"333333\",\"infoBarCountersEnable\":\"1\",\"infoBarDateInfoEnable\":\"1\",\"lightBoxEnable\":\"1\",\"sliderPreloaderColor\":\"ffffff\",\"sliderBgColor\":\"rgba(0,0,0,0.8)\",\"sliderHeaderFooterBgColor\":\"000000\",\"sliderNavigationColor\":\"rgba(0,0,0,1)\",\"sliderNavigationIconColor\":\"rgba(255,255,255,1)\",\"sliderNavigationColorOver\":\"rgba(255,255,255,1)\",\"sliderNavigationIconColorOver\":\"rgba(0,0,0,1)\",\"sliderItemTitleFontSize\":\"24\",\"sliderItemTitleTextColor\":\"ffffff\",\"sliderThumbBarEnable\":\"0\",\"sliderThumbBarHoverColor\":\"ffffff\",\"sliderThumbSubMenuBackgroundColor\":\"rgba(0,0,0,1)\",\"sliderThumbSubMenuBackgroundColorOver\":\"rgba(255,255,255,1)\",\"sliderThumbSubMenuIconColor\":\"rgba(255,255,255,1)\",\"sliderThumbSubMenuIconHoverColor\":\"rgba(0,0,0,1)\",\"sliderInfoEnable\":\"1\",\"sliderItemDownload\":\"1\",\"sliderItemDiscuss\":\"1\",\"sliderSocialShareEnabled\":\"1\",\"sliderLikesEnabled\":\"1\",\"customCSS\":\"\",\"module_url\":\"http:\\\/\\\/colegioaugustowinter.cl\\\/sitio\\\/wp-content\\\/plugins\\\/grand-media\\\/module\\\/amron\",\"license\":\"\",\"post_url\":\"http:\\\/\\\/colegioaugustowinter.cl\\\/sitio?rest_route=wpv2pages2284\"},\n\t\t\t'appQuery':{\"orderby\":\"ID\",\"order\":\"DESC\",\"album__in\":\"26\",\"status\":[\"publish\"],\"limit\":100},\n\t\t\t'appApi':\"http:\\\/\\\/colegioaugustowinter.cl\\\/sitio\\\/?gmedia-app=1&gmappversion=4&gmmodule=1\",\n\t\t\t'appInfo':{\"name\":\"Taller de Ciencia\",\"description\":\"\"}};\n\t})();\n<\/script>\n<\/div><\/div>\n","protected":false},"excerpt":{"rendered":"<p>De manera l\u00fadica y entretenida nuestros estudiantes conocen acerca de la ciencia, a trav\u00e9s de este taller que se desarrolla los d\u00edas jueves de 16:00 a 17:00 horas en nuestra instituci\u00f3n, por la profesora Karina Jaras. &nbsp;Est\u00e1 destinado a estudiantes de 5\u00b0 a 8\u00b0 b\u00e1sico, bajo el contexto de taller cient\u00edfico&nbsp;que promueve habilidades pr\u00e1ctica-experimental y [&hellip;]<\/p>\n","protected":false},"author":3,"featured_media":0,"parent":0,"menu_order":0,"comment_status":"closed","ping_status":"closed","template":"","meta":{"footnotes":""},"class_list":["post-2284","page","type-page","status-publish","hentry"],"_links":{"self":[{"href":"http:\/\/colegioaugustowinter.cl\/sitio\/index.php?rest_route=\/wp\/v2\/pages\/2284","targetHints":{"allow":["GET"]}}],"collection":[{"href":"http:\/\/colegioaugustowinter.cl\/sitio\/index.php?rest_route=\/wp\/v2\/pages"}],"about":[{"href":"http:\/\/colegioaugustowinter.cl\/sitio\/index.php?rest_route=\/wp\/v2\/types\/page"}],"author":[{"embeddable":true,"href":"http:\/\/colegioaugustowinter.cl\/sitio\/index.php?rest_route=\/wp\/v2\/users\/3"}],"replies":[{"embeddable":true,"href":"http:\/\/colegioaugustowinter.cl\/sitio\/index.php?rest_route=%2Fwp%2Fv2%2Fcomments&post=2284"}],"version-history":[{"count":6,"href":"http:\/\/colegioaugustowinter.cl\/sitio\/index.php?rest_route=\/wp\/v2\/pages\/2284\/revisions"}],"predecessor-version":[{"id":3529,"href":"http:\/\/colegioaugustowinter.cl\/sitio\/index.php?rest_route=\/wp\/v2\/pages\/2284\/revisions\/3529"}],"wp:attachment":[{"href":"http:\/\/colegioaugustowinter.cl\/sitio\/index.php?rest_route=%2Fwp%2Fv2%2Fmedia&parent=2284"}],"curies":[{"name":"wp","href":"https:\/\/api.w.org\/{rel}","templated":true}]}}