{"id":2282,"date":"2021-08-12T10:35:48","date_gmt":"2021-08-12T13:35:48","guid":{"rendered":"http:\/\/colegioaugustowinter.cl\/sitio\/?page_id=2282"},"modified":"2022-06-08T10:38:30","modified_gmt":"2022-06-08T13:38:30","slug":"taller-de-periodismo","status":"publish","type":"page","link":"http:\/\/colegioaugustowinter.cl\/sitio\/?page_id=2282","title":{"rendered":"Taller de Periodismo"},"content":{"rendered":"\n<p>El Taller de Periodismo, denominado  &#8220;Peque\u00f1os Periodistas\u201d, permitir\u00e1 a los alumnos desarrollar su creatividad e ingenio, al momento de cumplir con las actividades. Los estudiantes se pasear\u00e1n por las diversas facetas y g\u00e9neros. Conocer\u00e1n la importancia que tiene el periodista y los medios para la construcci\u00f3n de una sociedad. Se trabajar\u00e1 de manera te\u00f3rica y pr\u00e1ctica, <strong>los d\u00edas mi\u00e9rcoles de 16:00 a 17:00 horas , por Yanetsi Colmenares Pitre <\/strong><\/p>\n\n\n\n<p>Est\u00e1 destinado a ni\u00f1os de 3\u00b0 b\u00e1sico 8\u00b0 b\u00e1sico. El prop\u00f3sito es que los participantes conozcan el rol del periodista, aprendan del oficio, afiancen el gusto por la lectura, escritura, y todo lo que concierne al rol del Periodista en la sociedad.<\/p>\n\n\n\n<p>Se plantea como un espacio de encuentro, que aspira responder las inquietudes de un grupo de alumnos interesados en aprender sobre el Periodismo.<\/p>\n\n\n\n<p>El prop\u00f3sito es brindar herramientas b\u00e1sicas en el Periodismo escrito, radio, locuci\u00f3n, televisi\u00f3n, fotograf\u00eda, redes sociales. Permitir que los ni\u00f1os y ni\u00f1as se expresen, redacten libremente, comprendiendo adem\u00e1s el trabajo en equipo. De igual manera, se relacionen, fomenten el gusto por la lectura, la escritura. Tambi\u00e9n para que conozcan las herramientas para mejorar la expresi\u00f3n oral y escrita, a trav\u00e9s de ejercicios period\u00edsticos.<\/p>\n\n\n\n<p><\/p>\n\n\n\n<div class=\"wp-block-gmedia-gallery gmedia-shortcode\"><div class=\"gmedia_gallery amron_module is_bot\" id=\"GmediaGallery_35\" data-gmid=\"35\" data-module=\"amron\"><script type=\"text\/javascript\">\n\t(function() {\n\t\tthis['GmediaGallery_35'] = {\n\t\t\t'settings':{\"collectionThumbRecomendedWidth\":\"260\",\"collectionPreloaderColor\":\"333333\",\"linkTargetWindow\":\"_blank\",\"thumbSpacing\":\"10\",\"tagsFilter\":\"1\",\"tagCloudAll\":\"All\",\"tagCloudTextColor\":\"rgba(0, 0, 0, 1)\",\"tagCloudTextColorOver\":\"rgba(255,255, 255, 1)\",\"tagCloudBgColor\":\"rgba(211, 211, 211, 1)\",\"tagCloudBgColorOver\":\"rgba(11, 11, 11, 1)\",\"collectionThumbHoverColor\":\"rgba(0, 0, 0, .7)\",\"collectionThumbContentBGColor\":\"rgba(245,245,245,1)\",\"collectionThumbTitleShow\":\"1\",\"collectionThumbTitleColor\":\"rgba(0,0,0,1)\",\"collectionThumbFontSize\":\"18\",\"collectionThumbDescriptionShow\":\"1\",\"collectionThumbDescriptionColor\":\"rgba(0,0,0,1)\",\"collectionThumbDescriptionFontSize\":\"15\",\"collectionReadMoreButtonLabel\":\"Read More\",\"collectionReadMoreButtonLabelColor\":\"rgba(255, 255, 255, 1)\",\"collectionReadMoreButtonBGColor\":\"rgba(0, 0, 0, 1)\",\"collectionReadMoreButtonLabelColorHover\":\"rgba(0, 0, 0, 1)\",\"collectionReadMoreButtonBGColorHover\":\"rgba(235,235,235,1)\",\"modaBgColor\":\"rgba(0,0,0,0.9)\",\"modalInfoBoxBgColor\":\"rgba(255,255,255,1)\",\"modalInfoBoxTitleTextColor\":\"000000\",\"modalInfoBoxTextColor\":\"333333\",\"infoBarCountersEnable\":\"1\",\"infoBarDateInfoEnable\":\"1\",\"lightBoxEnable\":\"1\",\"sliderPreloaderColor\":\"ffffff\",\"sliderBgColor\":\"rgba(0,0,0,0.8)\",\"sliderHeaderFooterBgColor\":\"000000\",\"sliderNavigationColor\":\"rgba(0,0,0,1)\",\"sliderNavigationIconColor\":\"rgba(255,255,255,1)\",\"sliderNavigationColorOver\":\"rgba(255,255,255,1)\",\"sliderNavigationIconColorOver\":\"rgba(0,0,0,1)\",\"sliderItemTitleFontSize\":\"24\",\"sliderItemTitleTextColor\":\"ffffff\",\"sliderThumbBarEnable\":\"0\",\"sliderThumbBarHoverColor\":\"ffffff\",\"sliderThumbSubMenuBackgroundColor\":\"rgba(0,0,0,1)\",\"sliderThumbSubMenuBackgroundColorOver\":\"rgba(255,255,255,1)\",\"sliderThumbSubMenuIconColor\":\"rgba(255,255,255,1)\",\"sliderThumbSubMenuIconHoverColor\":\"rgba(0,0,0,1)\",\"sliderInfoEnable\":\"1\",\"sliderItemDownload\":\"1\",\"sliderItemDiscuss\":\"1\",\"sliderSocialShareEnabled\":\"1\",\"sliderLikesEnabled\":\"1\",\"customCSS\":\"\",\"module_url\":\"http:\\\/\\\/colegioaugustowinter.cl\\\/sitio\\\/wp-content\\\/plugins\\\/grand-media\\\/module\\\/amron\",\"license\":\"\",\"post_url\":\"http:\\\/\\\/colegioaugustowinter.cl\\\/sitio?rest_route=wpv2pages2282\"},\n\t\t\t'appQuery':{\"orderby\":\"ID\",\"order\":\"DESC\",\"album__in\":\"34\",\"status\":[\"publish\"],\"limit\":100},\n\t\t\t'appApi':\"http:\\\/\\\/colegioaugustowinter.cl\\\/sitio\\\/?gmedia-app=1&gmappversion=4&gmmodule=1\",\n\t\t\t'appInfo':{\"name\":\"Taller de Periodismo\",\"description\":\"\"}};\n\t})();\n<\/script>\n<\/div><\/div>\n\n\n\n<p><\/p>\n","protected":false},"excerpt":{"rendered":"<p>El Taller de Periodismo, denominado &#8220;Peque\u00f1os Periodistas\u201d, permitir\u00e1 a los alumnos desarrollar su creatividad e ingenio, al momento de cumplir con las actividades. Los estudiantes se pasear\u00e1n por las diversas facetas y g\u00e9neros. Conocer\u00e1n la importancia que tiene el periodista y los medios para la construcci\u00f3n de una sociedad. Se trabajar\u00e1 de manera te\u00f3rica y [&hellip;]<\/p>\n","protected":false},"author":3,"featured_media":0,"parent":0,"menu_order":0,"comment_status":"closed","ping_status":"closed","template":"","meta":{"footnotes":""},"class_list":["post-2282","page","type-page","status-publish","hentry"],"_links":{"self":[{"href":"http:\/\/colegioaugustowinter.cl\/sitio\/index.php?rest_route=\/wp\/v2\/pages\/2282","targetHints":{"allow":["GET"]}}],"collection":[{"href":"http:\/\/colegioaugustowinter.cl\/sitio\/index.php?rest_route=\/wp\/v2\/pages"}],"about":[{"href":"http:\/\/colegioaugustowinter.cl\/sitio\/index.php?rest_route=\/wp\/v2\/types\/page"}],"author":[{"embeddable":true,"href":"http:\/\/colegioaugustowinter.cl\/sitio\/index.php?rest_route=\/wp\/v2\/users\/3"}],"replies":[{"embeddable":true,"href":"http:\/\/colegioaugustowinter.cl\/sitio\/index.php?rest_route=%2Fwp%2Fv2%2Fcomments&post=2282"}],"version-history":[{"count":5,"href":"http:\/\/colegioaugustowinter.cl\/sitio\/index.php?rest_route=\/wp\/v2\/pages\/2282\/revisions"}],"predecessor-version":[{"id":3869,"href":"http:\/\/colegioaugustowinter.cl\/sitio\/index.php?rest_route=\/wp\/v2\/pages\/2282\/revisions\/3869"}],"wp:attachment":[{"href":"http:\/\/colegioaugustowinter.cl\/sitio\/index.php?rest_route=%2Fwp%2Fv2%2Fmedia&parent=2282"}],"curies":[{"name":"wp","href":"https:\/\/api.w.org\/{rel}","templated":true}]}}