{"id":1450,"date":"2021-08-01T20:59:38","date_gmt":"2021-08-01T23:59:38","guid":{"rendered":"http:\/\/www.colegioaugustowinter.cl\/sitio\/\/?page_id=1450"},"modified":"2021-08-20T13:17:36","modified_gmt":"2021-08-20T16:17:36","slug":"comite-paritario","status":"publish","type":"page","link":"http:\/\/colegioaugustowinter.cl\/sitio\/?page_id=1450","title":{"rendered":"Comit\u00e9 Paritario"},"content":{"rendered":"\n<p style=\"font-size:17px\">El Comit\u00e9 Paritario tiene como objetivo  preocuparse de los problemas de seguridad e higiene laboral. En nuestra instituci\u00f3n el Comit\u00e9 lo integran:<\/p>\n\n\n\n<p style=\"font-size:17px\">Margarita \u00c1lvarez Barra<\/p>\n\n\n\n<p style=\"font-size:17px\">Mario Brizuela San Mart\u00edn<\/p>\n\n\n\n<p style=\"font-size:17px\">Yessica Fryderup Rodr\u00edguez<\/p>\n\n\n\n<p style=\"font-size:17px\">Soledad&nbsp; Alvarado C\u00e1rdenas<\/p>\n","protected":false},"excerpt":{"rendered":"<p>El Comit\u00e9 Paritario tiene como objetivo preocuparse de los problemas de seguridad e higiene laboral. En nuestra instituci\u00f3n el Comit\u00e9 lo integran: Margarita \u00c1lvarez Barra Mario Brizuela San Mart\u00edn Yessica Fryderup Rodr\u00edguez Soledad&nbsp; Alvarado C\u00e1rdenas<\/p>\n","protected":false},"author":1,"featured_media":0,"parent":0,"menu_order":0,"comment_status":"closed","ping_status":"closed","template":"","meta":{"footnotes":""},"class_list":["post-1450","page","type-page","status-publish","hentry"],"_links":{"self":[{"href":"http:\/\/colegioaugustowinter.cl\/sitio\/index.php?rest_route=\/wp\/v2\/pages\/1450","targetHints":{"allow":["GET"]}}],"collection":[{"href":"http:\/\/colegioaugustowinter.cl\/sitio\/index.php?rest_route=\/wp\/v2\/pages"}],"about":[{"href":"http:\/\/colegioaugustowinter.cl\/sitio\/index.php?rest_route=\/wp\/v2\/types\/page"}],"author":[{"embeddable":true,"href":"http:\/\/colegioaugustowinter.cl\/sitio\/index.php?rest_route=\/wp\/v2\/users\/1"}],"replies":[{"embeddable":true,"href":"http:\/\/colegioaugustowinter.cl\/sitio\/index.php?rest_route=%2Fwp%2Fv2%2Fcomments&post=1450"}],"version-history":[{"count":6,"href":"http:\/\/colegioaugustowinter.cl\/sitio\/index.php?rest_route=\/wp\/v2\/pages\/1450\/revisions"}],"predecessor-version":[{"id":5559,"href":"http:\/\/colegioaugustowinter.cl\/sitio\/index.php?rest_route=\/wp\/v2\/pages\/1450\/revisions\/5559"}],"wp:attachment":[{"href":"http:\/\/colegioaugustowinter.cl\/sitio\/index.php?rest_route=%2Fwp%2Fv2%2Fmedia&parent=1450"}],"curies":[{"name":"wp","href":"https:\/\/api.w.org\/{rel}","templated":true}]}}