{"id":1438,"date":"2021-08-01T20:54:49","date_gmt":"2021-08-01T23:54:49","guid":{"rendered":"http:\/\/www.colegioaugustowinter.cl\/sitio\/\/?page_id=1438"},"modified":"2021-08-30T17:13:40","modified_gmt":"2021-08-30T20:13:40","slug":"comunidad-escolar","status":"publish","type":"page","link":"http:\/\/colegioaugustowinter.cl\/sitio\/?page_id=1438","title":{"rendered":"Comunidad Escolar"},"content":{"rendered":"\n<p>La Comunidad Escolar est\u00e1 integrada por alumnos, alumnas, padres, madres y apoderados, profesionales de la educaci\u00f3n, asistentes de la educaci\u00f3n, equipos docentes directivos y sostenedores educacionales. Cada uno de los cuales gozan de derechos y est\u00e1n sujetos a deberes.<\/p>\n","protected":false},"excerpt":{"rendered":"<p>La Comunidad Escolar est\u00e1 integrada por alumnos, alumnas, padres, madres y apoderados, profesionales de la educaci\u00f3n, asistentes de la educaci\u00f3n, equipos docentes directivos y sostenedores educacionales. Cada uno de los cuales gozan de derechos y est\u00e1n sujetos a deberes.<\/p>\n","protected":false},"author":1,"featured_media":0,"parent":0,"menu_order":0,"comment_status":"closed","ping_status":"closed","template":"","meta":{"footnotes":""},"class_list":["post-1438","page","type-page","status-publish","hentry"],"_links":{"self":[{"href":"http:\/\/colegioaugustowinter.cl\/sitio\/index.php?rest_route=\/wp\/v2\/pages\/1438","targetHints":{"allow":["GET"]}}],"collection":[{"href":"http:\/\/colegioaugustowinter.cl\/sitio\/index.php?rest_route=\/wp\/v2\/pages"}],"about":[{"href":"http:\/\/colegioaugustowinter.cl\/sitio\/index.php?rest_route=\/wp\/v2\/types\/page"}],"author":[{"embeddable":true,"href":"http:\/\/colegioaugustowinter.cl\/sitio\/index.php?rest_route=\/wp\/v2\/users\/1"}],"replies":[{"embeddable":true,"href":"http:\/\/colegioaugustowinter.cl\/sitio\/index.php?rest_route=%2Fwp%2Fv2%2Fcomments&post=1438"}],"version-history":[{"count":2,"href":"http:\/\/colegioaugustowinter.cl\/sitio\/index.php?rest_route=\/wp\/v2\/pages\/1438\/revisions"}],"predecessor-version":[{"id":2714,"href":"http:\/\/colegioaugustowinter.cl\/sitio\/index.php?rest_route=\/wp\/v2\/pages\/1438\/revisions\/2714"}],"wp:attachment":[{"href":"http:\/\/colegioaugustowinter.cl\/sitio\/index.php?rest_route=%2Fwp%2Fv2%2Fmedia&parent=1438"}],"curies":[{"name":"wp","href":"https:\/\/api.w.org\/{rel}","templated":true}]}}