{"id":1425,"date":"2021-08-01T20:50:24","date_gmt":"2021-08-01T23:50:24","guid":{"rendered":"http:\/\/www.colegioaugustowinter.cl\/sitio\/\/?page_id=1425"},"modified":"2025-07-09T12:33:20","modified_gmt":"2025-07-09T15:33:20","slug":"plan-lector","status":"publish","type":"page","link":"http:\/\/colegioaugustowinter.cl\/sitio\/?page_id=1425","title":{"rendered":"Centro de recursos del Aprendizaje (Cra)"},"content":{"rendered":"\n<p><\/p>\n\n\n\n<p><em>El&nbsp;<strong>Centro de Recursos del Aprendizaje (CRA)<\/strong>&nbsp;es un espacio educativo presente en nuestro&nbsp;Colegio, cuyo objetivo principal es&nbsp;<strong>apoyar y enriquecer los procesos de ense\u00f1anza y aprendizaje.<\/strong>&nbsp;<\/em><\/p>\n\n\n\n<p><em>Est\u00e1 dise\u00f1ado para fomentar el desarrollo de habilidades lectoras, investigativas, creativas y tecnol\u00f3gicas en los estudiantes.&nbsp;&nbsp;<\/em><\/p>\n\n\n\n<p><em>El CRA funciona como una&nbsp;<strong>unidad pedag\u00f3gica y t\u00e9cnica<\/strong>&nbsp;que integra diversos recursos: libros, tecnolog\u00eda, material audiovisual y digital, ofreciendo un entorno din\u00e1mico y flexible que favorece el aprendizaje aut\u00f3nomo, colaborativo y significativo. Adem\u00e1s, promueve el gusto por la lectura, la alfabetizaci\u00f3n informacional y el uso cr\u00edtico de la informaci\u00f3n.<\/em><\/p>\n\n\n\n<p><em>El Centro de Recursos de Aprendizaje, est\u00e1n alineados con los planes y programas del Ministerio de Educaci\u00f3n de Chile y buscan&nbsp;<strong>articularse con el curr\u00edculum escolar<\/strong>, apoyando a docentes y estudiantes en sus distintas actividades educativas.<\/em><\/p>\n\n\n\n<p><em>Contamos con 8.189 textos de diferentes g\u00e9neros literarios, los cuales est\u00e1n a disposici\u00f3n de los estudiantes. Los invitamos a visitarnos.<\/em><\/p>\n\n\n\n<p><\/p>\n\n\n\n<p><\/p>\n\n\n\n<figure class=\"wp-block-image size-large\"><img fetchpriority=\"high\" decoding=\"async\" width=\"1024\" height=\"1024\" src=\"http:\/\/colegioaugustowinter.cl\/sitio\/wp-content\/uploads\/2025\/07\/Post-de-Instagram-Club-de-Lectura-para-Ninos-Ilustrado-de-Acuarela-1024x1024.png\" alt=\"\" class=\"wp-image-5576\" srcset=\"http:\/\/colegioaugustowinter.cl\/sitio\/wp-content\/uploads\/2025\/07\/Post-de-Instagram-Club-de-Lectura-para-Ninos-Ilustrado-de-Acuarela-1024x1024.png 1024w, http:\/\/colegioaugustowinter.cl\/sitio\/wp-content\/uploads\/2025\/07\/Post-de-Instagram-Club-de-Lectura-para-Ninos-Ilustrado-de-Acuarela-768x768.png 768w, http:\/\/colegioaugustowinter.cl\/sitio\/wp-content\/uploads\/2025\/07\/Post-de-Instagram-Club-de-Lectura-para-Ninos-Ilustrado-de-Acuarela-320x320.png 320w, http:\/\/colegioaugustowinter.cl\/sitio\/wp-content\/uploads\/2025\/07\/Post-de-Instagram-Club-de-Lectura-para-Ninos-Ilustrado-de-Acuarela-480x480.png 480w, http:\/\/colegioaugustowinter.cl\/sitio\/wp-content\/uploads\/2025\/07\/Post-de-Instagram-Club-de-Lectura-para-Ninos-Ilustrado-de-Acuarela-800x800.png 800w, http:\/\/colegioaugustowinter.cl\/sitio\/wp-content\/uploads\/2025\/07\/Post-de-Instagram-Club-de-Lectura-para-Ninos-Ilustrado-de-Acuarela-640x640.png 640w, http:\/\/colegioaugustowinter.cl\/sitio\/wp-content\/uploads\/2025\/07\/Post-de-Instagram-Club-de-Lectura-para-Ninos-Ilustrado-de-Acuarela-400x400.png 400w, http:\/\/colegioaugustowinter.cl\/sitio\/wp-content\/uploads\/2025\/07\/Post-de-Instagram-Club-de-Lectura-para-Ninos-Ilustrado-de-Acuarela-560x560.png 560w, http:\/\/colegioaugustowinter.cl\/sitio\/wp-content\/uploads\/2025\/07\/Post-de-Instagram-Club-de-Lectura-para-Ninos-Ilustrado-de-Acuarela-367x367.png 367w\" sizes=\"(max-width: 1024px) 100vw, 1024px\" \/><\/figure>\n\n\n\n<p><\/p>\n\n\n\n<p><\/p>\n\n\n\n<p><\/p>\n","protected":false},"excerpt":{"rendered":"<p>El&nbsp;Centro de Recursos del Aprendizaje (CRA)&nbsp;es un espacio educativo presente en nuestro&nbsp;Colegio, cuyo objetivo principal es&nbsp;apoyar y enriquecer los procesos de ense\u00f1anza y aprendizaje.&nbsp; Est\u00e1 dise\u00f1ado para fomentar el desarrollo de habilidades lectoras, investigativas, creativas y tecnol\u00f3gicas en los estudiantes.&nbsp;&nbsp; El CRA funciona como una&nbsp;unidad pedag\u00f3gica y t\u00e9cnica&nbsp;que integra diversos recursos: libros, tecnolog\u00eda, material audiovisual [&hellip;]<\/p>\n","protected":false},"author":1,"featured_media":0,"parent":0,"menu_order":0,"comment_status":"closed","ping_status":"closed","template":"","meta":{"footnotes":""},"class_list":["post-1425","page","type-page","status-publish","hentry"],"_links":{"self":[{"href":"http:\/\/colegioaugustowinter.cl\/sitio\/index.php?rest_route=\/wp\/v2\/pages\/1425","targetHints":{"allow":["GET"]}}],"collection":[{"href":"http:\/\/colegioaugustowinter.cl\/sitio\/index.php?rest_route=\/wp\/v2\/pages"}],"about":[{"href":"http:\/\/colegioaugustowinter.cl\/sitio\/index.php?rest_route=\/wp\/v2\/types\/page"}],"author":[{"embeddable":true,"href":"http:\/\/colegioaugustowinter.cl\/sitio\/index.php?rest_route=\/wp\/v2\/users\/1"}],"replies":[{"embeddable":true,"href":"http:\/\/colegioaugustowinter.cl\/sitio\/index.php?rest_route=%2Fwp%2Fv2%2Fcomments&post=1425"}],"version-history":[{"count":9,"href":"http:\/\/colegioaugustowinter.cl\/sitio\/index.php?rest_route=\/wp\/v2\/pages\/1425\/revisions"}],"predecessor-version":[{"id":5581,"href":"http:\/\/colegioaugustowinter.cl\/sitio\/index.php?rest_route=\/wp\/v2\/pages\/1425\/revisions\/5581"}],"wp:attachment":[{"href":"http:\/\/colegioaugustowinter.cl\/sitio\/index.php?rest_route=%2Fwp%2Fv2%2Fmedia&parent=1425"}],"curies":[{"name":"wp","href":"https:\/\/api.w.org\/{rel}","templated":true}]}}