{"id":1417,"date":"2021-08-01T20:57:27","date_gmt":"2021-08-01T23:57:27","guid":{"rendered":"http:\/\/www.colegioaugustowinter.cl\/sitio\/\/?page_id=1417"},"modified":"2021-08-20T13:00:49","modified_gmt":"2021-08-20T16:00:49","slug":"consejo-escolar","status":"publish","type":"page","link":"http:\/\/colegioaugustowinter.cl\/sitio\/?page_id=1417","title":{"rendered":"Consejo Escolar"},"content":{"rendered":"\n<p style=\"font-size:17px\"><br>El&nbsp;<strong>consejo escolar<\/strong>&nbsp;se define como un \u00f3rgano colegiado en el cual padres, madres, estudiantes, docentes y personal de administraci\u00f3n y servicios a trav\u00e9s de sus representantes, se informan, proponen y opinan sobre materias relevantes para la mejora de la calidad de la educaci\u00f3n en el establecimiento. <\/p>\n\n\n\n<p style=\"font-size:17px\">En nuestra instituci\u00f3n est\u00e1 conformada de la siguiente manera:<\/p>\n\n\n\n<p style=\"font-size:17px\">Jos\u00e9 Luis Velasco Guzm\u00e1n&nbsp;&nbsp;&nbsp;&nbsp;&nbsp;&nbsp; Presidente Fundaci\u00f3n Educacional Pueblo Nuevo<\/p>\n\n\n\n<p style=\"font-size:17px\">Alejandra Riquelme Oviedo&nbsp;&nbsp;&nbsp;&nbsp; Docente representante de los Profesores<\/p>\n\n\n\n<p style=\"font-size:17px\">Margarita \u00c1lvarez Barra&nbsp;&nbsp;&nbsp;&nbsp;&nbsp;&nbsp;&nbsp;&nbsp;&nbsp;&nbsp;&nbsp; Representante de los Asistentes de la Educaci\u00f3n<\/p>\n\n\n\n<p style=\"font-size:17px\">Sergio Camilo Cuenca&nbsp;&nbsp;&nbsp;&nbsp;&nbsp;&nbsp;&nbsp;&nbsp;&nbsp;&nbsp;&nbsp;&nbsp;&nbsp;&nbsp;&nbsp; Presidente del Centro de Padres y Apoderados<\/p>\n\n\n\n<p style=\"font-size:17px\">Violeta Selfene Flores&nbsp;&nbsp;&nbsp;&nbsp;&nbsp;&nbsp;&nbsp;&nbsp;&nbsp;&nbsp;&nbsp;&nbsp;&nbsp;&nbsp;&nbsp; Presidenta del Centro de Alumnos <\/p>\n\n\n\n<p style=\"font-size:17px\">Gonzalo Rojas Meza&nbsp;&nbsp;&nbsp;&nbsp;&nbsp;&nbsp;&nbsp;&nbsp;&nbsp;&nbsp;&nbsp;&nbsp;&nbsp;&nbsp;&nbsp;&nbsp;&nbsp;&nbsp; Director Colegio Augusto Winter<\/p>\n","protected":false},"excerpt":{"rendered":"<p>El&nbsp;consejo escolar&nbsp;se define como un \u00f3rgano colegiado en el cual padres, madres, estudiantes, docentes y personal de administraci\u00f3n y servicios a trav\u00e9s de sus representantes, se informan, proponen y opinan sobre materias relevantes para la mejora de la calidad de la educaci\u00f3n en el establecimiento. En nuestra instituci\u00f3n est\u00e1 conformada de la siguiente manera: Jos\u00e9 [&hellip;]<\/p>\n","protected":false},"author":1,"featured_media":0,"parent":0,"menu_order":0,"comment_status":"closed","ping_status":"closed","template":"","meta":{"footnotes":""},"class_list":["post-1417","page","type-page","status-publish","hentry"],"_links":{"self":[{"href":"http:\/\/colegioaugustowinter.cl\/sitio\/index.php?rest_route=\/wp\/v2\/pages\/1417","targetHints":{"allow":["GET"]}}],"collection":[{"href":"http:\/\/colegioaugustowinter.cl\/sitio\/index.php?rest_route=\/wp\/v2\/pages"}],"about":[{"href":"http:\/\/colegioaugustowinter.cl\/sitio\/index.php?rest_route=\/wp\/v2\/types\/page"}],"author":[{"embeddable":true,"href":"http:\/\/colegioaugustowinter.cl\/sitio\/index.php?rest_route=\/wp\/v2\/users\/1"}],"replies":[{"embeddable":true,"href":"http:\/\/colegioaugustowinter.cl\/sitio\/index.php?rest_route=%2Fwp%2Fv2%2Fcomments&post=1417"}],"version-history":[{"count":3,"href":"http:\/\/colegioaugustowinter.cl\/sitio\/index.php?rest_route=\/wp\/v2\/pages\/1417\/revisions"}],"predecessor-version":[{"id":2668,"href":"http:\/\/colegioaugustowinter.cl\/sitio\/index.php?rest_route=\/wp\/v2\/pages\/1417\/revisions\/2668"}],"wp:attachment":[{"href":"http:\/\/colegioaugustowinter.cl\/sitio\/index.php?rest_route=%2Fwp%2Fv2%2Fmedia&parent=1417"}],"curies":[{"name":"wp","href":"https:\/\/api.w.org\/{rel}","templated":true}]}}