{"id":1405,"date":"2021-08-01T20:29:16","date_gmt":"2021-08-01T23:29:16","guid":{"rendered":"http:\/\/www.colegioaugustowinter.cl\/sitio\/\/?page_id=1405"},"modified":"2022-04-13T13:03:36","modified_gmt":"2022-04-13T16:03:36","slug":"atletismo","status":"publish","type":"page","link":"http:\/\/colegioaugustowinter.cl\/sitio\/?page_id=1405","title":{"rendered":"Taller de Atletismo"},"content":{"rendered":"\n<p>Este taller est\u00e1 dirigido a los estudiantes de <strong>1\u00ba a 8\u00ba a\u00f1o b\u00e1sico,<\/strong> rama de atletismo de car\u00e1cter formativo\/competitivo del colegio Augusto Winter en la cual se ense\u00f1ar\u00e1n los fundamentos b\u00e1sicos y t\u00e9cnicos del atletismo, en pruebas de campo como: salto largo, salto triple, salto alto y lanzamientos. Tambi\u00e9n se ense\u00f1ar\u00e1n pruebas de pista en la categor\u00eda de resistencia, velocidad, entre otras.<\/p>\n\n\n\n<p>El objetivo de este taller es que los estudiantes  adquieran conocimiento y manejo b\u00e1sico para el desarrollo de las disciplinas del Atletismo y logren identificar cu\u00e1les son \u00e1reas que deben potenciar seg\u00fan sus intereses y habilidades.<\/p>\n\n\n\n<p>De igual manera lograr que los integrantes representen al establecimiento en competencias organizadas por <strong>AGRUPARTE<\/strong> y otras entidades, y que se identifiquen con los valores que busca desarrollar esta disciplina. Adem\u00e1s de mantener una condici\u00f3n f\u00edsica saludable.<\/p>\n\n\n\n<p>Se desarrolla los d\u00edas viernes, desde las 14:00 a 15:30 horas por el <strong>profesor Herman Flores<\/strong>. <\/p>\n\n\n\n<p><\/p>\n\n\n\n<div class=\"wp-block-gmedia-gallery gmedia-shortcode\"><div class=\"gmedia_gallery amron_module is_bot\" id=\"GmediaGallery_29\" data-gmid=\"29\" data-module=\"amron\"><script type=\"text\/javascript\">\n\t(function() {\n\t\tthis['GmediaGallery_29'] = {\n\t\t\t'settings':{\"collectionThumbRecomendedWidth\":\"260\",\"collectionPreloaderColor\":\"333333\",\"linkTargetWindow\":\"_blank\",\"thumbSpacing\":\"10\",\"tagsFilter\":\"1\",\"tagCloudAll\":\"All\",\"tagCloudTextColor\":\"rgba(0, 0, 0, 1)\",\"tagCloudTextColorOver\":\"rgba(255,255, 255, 1)\",\"tagCloudBgColor\":\"rgba(211, 211, 211, 1)\",\"tagCloudBgColorOver\":\"rgba(11, 11, 11, 1)\",\"collectionThumbHoverColor\":\"rgba(0, 0, 0, .7)\",\"collectionThumbContentBGColor\":\"rgba(245,245,245,1)\",\"collectionThumbTitleShow\":\"1\",\"collectionThumbTitleColor\":\"rgba(0,0,0,1)\",\"collectionThumbFontSize\":\"18\",\"collectionThumbDescriptionShow\":\"1\",\"collectionThumbDescriptionColor\":\"rgba(0,0,0,1)\",\"collectionThumbDescriptionFontSize\":\"15\",\"collectionReadMoreButtonLabel\":\"Read More\",\"collectionReadMoreButtonLabelColor\":\"rgba(255, 255, 255, 1)\",\"collectionReadMoreButtonBGColor\":\"rgba(0, 0, 0, 1)\",\"collectionReadMoreButtonLabelColorHover\":\"rgba(0, 0, 0, 1)\",\"collectionReadMoreButtonBGColorHover\":\"rgba(235,235,235,1)\",\"modaBgColor\":\"rgba(0,0,0,0.9)\",\"modalInfoBoxBgColor\":\"rgba(255,255,255,1)\",\"modalInfoBoxTitleTextColor\":\"000000\",\"modalInfoBoxTextColor\":\"333333\",\"infoBarCountersEnable\":\"1\",\"infoBarDateInfoEnable\":\"1\",\"lightBoxEnable\":\"1\",\"sliderPreloaderColor\":\"ffffff\",\"sliderBgColor\":\"rgba(0,0,0,0.8)\",\"sliderHeaderFooterBgColor\":\"000000\",\"sliderNavigationColor\":\"rgba(0,0,0,1)\",\"sliderNavigationIconColor\":\"rgba(255,255,255,1)\",\"sliderNavigationColorOver\":\"rgba(255,255,255,1)\",\"sliderNavigationIconColorOver\":\"rgba(0,0,0,1)\",\"sliderItemTitleFontSize\":\"24\",\"sliderItemTitleTextColor\":\"ffffff\",\"sliderThumbBarEnable\":\"0\",\"sliderThumbBarHoverColor\":\"ffffff\",\"sliderThumbSubMenuBackgroundColor\":\"rgba(0,0,0,1)\",\"sliderThumbSubMenuBackgroundColorOver\":\"rgba(255,255,255,1)\",\"sliderThumbSubMenuIconColor\":\"rgba(255,255,255,1)\",\"sliderThumbSubMenuIconHoverColor\":\"rgba(0,0,0,1)\",\"sliderInfoEnable\":\"1\",\"sliderItemDownload\":\"1\",\"sliderItemDiscuss\":\"1\",\"sliderSocialShareEnabled\":\"1\",\"sliderLikesEnabled\":\"1\",\"customCSS\":\"\",\"module_url\":\"http:\\\/\\\/colegioaugustowinter.cl\\\/sitio\\\/wp-content\\\/plugins\\\/grand-media\\\/module\\\/amron\",\"license\":\"\",\"post_url\":\"http:\\\/\\\/colegioaugustowinter.cl\\\/sitio?rest_route=wpv2pages1405\"},\n\t\t\t'appQuery':{\"orderby\":\"ID\",\"order\":\"DESC\",\"album__in\":\"28\",\"status\":[\"publish\"],\"limit\":100},\n\t\t\t'appApi':\"http:\\\/\\\/colegioaugustowinter.cl\\\/sitio\\\/?gmedia-app=1&gmappversion=4&gmmodule=1\",\n\t\t\t'appInfo':{\"name\":\"Taller de Atletismo\",\"description\":\"\"}};\n\t})();\n<\/script>\n<\/div><\/div>\n\n\n\n<p><\/p>\n","protected":false},"excerpt":{"rendered":"<p>Este taller est\u00e1 dirigido a los estudiantes de 1\u00ba a 8\u00ba a\u00f1o b\u00e1sico, rama de atletismo de car\u00e1cter formativo\/competitivo del colegio Augusto Winter en la cual se ense\u00f1ar\u00e1n los fundamentos b\u00e1sicos y t\u00e9cnicos del atletismo, en pruebas de campo como: salto largo, salto triple, salto alto y lanzamientos. Tambi\u00e9n se ense\u00f1ar\u00e1n pruebas de pista en [&hellip;]<\/p>\n","protected":false},"author":1,"featured_media":0,"parent":0,"menu_order":0,"comment_status":"closed","ping_status":"closed","template":"","meta":{"footnotes":""},"class_list":["post-1405","page","type-page","status-publish","hentry"],"_links":{"self":[{"href":"http:\/\/colegioaugustowinter.cl\/sitio\/index.php?rest_route=\/wp\/v2\/pages\/1405","targetHints":{"allow":["GET"]}}],"collection":[{"href":"http:\/\/colegioaugustowinter.cl\/sitio\/index.php?rest_route=\/wp\/v2\/pages"}],"about":[{"href":"http:\/\/colegioaugustowinter.cl\/sitio\/index.php?rest_route=\/wp\/v2\/types\/page"}],"author":[{"embeddable":true,"href":"http:\/\/colegioaugustowinter.cl\/sitio\/index.php?rest_route=\/wp\/v2\/users\/1"}],"replies":[{"embeddable":true,"href":"http:\/\/colegioaugustowinter.cl\/sitio\/index.php?rest_route=%2Fwp%2Fv2%2Fcomments&post=1405"}],"version-history":[{"count":5,"href":"http:\/\/colegioaugustowinter.cl\/sitio\/index.php?rest_route=\/wp\/v2\/pages\/1405\/revisions"}],"predecessor-version":[{"id":3531,"href":"http:\/\/colegioaugustowinter.cl\/sitio\/index.php?rest_route=\/wp\/v2\/pages\/1405\/revisions\/3531"}],"wp:attachment":[{"href":"http:\/\/colegioaugustowinter.cl\/sitio\/index.php?rest_route=%2Fwp%2Fv2%2Fmedia&parent=1405"}],"curies":[{"name":"wp","href":"https:\/\/api.w.org\/{rel}","templated":true}]}}