{"id":1395,"date":"2021-08-01T20:25:43","date_gmt":"2021-08-01T23:25:43","guid":{"rendered":"http:\/\/www.colegioaugustowinter.cl\/sitio\/\/?page_id=1395"},"modified":"2021-08-12T15:40:27","modified_gmt":"2021-08-12T18:40:27","slug":"talleres-para-estudiantes-2","status":"publish","type":"page","link":"http:\/\/colegioaugustowinter.cl\/sitio\/?page_id=1395","title":{"rendered":"Talleres para Estudiantes"},"content":{"rendered":"\n<p>El equipo del Programa de Integraci\u00f3n Escolar realiza talleres para estudiantes, los cuales permiten espacios de socializaci\u00f3n y reflexi\u00f3n, enfocados a entregar estrategias de aprendizaje para el \u00e1mbito personal y escolar. <\/p>\n\n\n\n<p>Los talleres son informados previamente, mediante afiches en la instituci\u00f3n o por medio de profesores.<\/p>\n","protected":false},"excerpt":{"rendered":"<p>El equipo del Programa de Integraci\u00f3n Escolar realiza talleres para estudiantes, los cuales permiten espacios de socializaci\u00f3n y reflexi\u00f3n, enfocados a entregar estrategias de aprendizaje para el \u00e1mbito personal y escolar. Los talleres son informados previamente, mediante afiches en la instituci\u00f3n o por medio de profesores.<\/p>\n","protected":false},"author":1,"featured_media":0,"parent":0,"menu_order":0,"comment_status":"closed","ping_status":"closed","template":"","meta":{"footnotes":""},"class_list":["post-1395","page","type-page","status-publish","hentry"],"_links":{"self":[{"href":"http:\/\/colegioaugustowinter.cl\/sitio\/index.php?rest_route=\/wp\/v2\/pages\/1395","targetHints":{"allow":["GET"]}}],"collection":[{"href":"http:\/\/colegioaugustowinter.cl\/sitio\/index.php?rest_route=\/wp\/v2\/pages"}],"about":[{"href":"http:\/\/colegioaugustowinter.cl\/sitio\/index.php?rest_route=\/wp\/v2\/types\/page"}],"author":[{"embeddable":true,"href":"http:\/\/colegioaugustowinter.cl\/sitio\/index.php?rest_route=\/wp\/v2\/users\/1"}],"replies":[{"embeddable":true,"href":"http:\/\/colegioaugustowinter.cl\/sitio\/index.php?rest_route=%2Fwp%2Fv2%2Fcomments&post=1395"}],"version-history":[{"count":2,"href":"http:\/\/colegioaugustowinter.cl\/sitio\/index.php?rest_route=\/wp\/v2\/pages\/1395\/revisions"}],"predecessor-version":[{"id":2407,"href":"http:\/\/colegioaugustowinter.cl\/sitio\/index.php?rest_route=\/wp\/v2\/pages\/1395\/revisions\/2407"}],"wp:attachment":[{"href":"http:\/\/colegioaugustowinter.cl\/sitio\/index.php?rest_route=%2Fwp%2Fv2%2Fmedia&parent=1395"}],"curies":[{"name":"wp","href":"https:\/\/api.w.org\/{rel}","templated":true}]}}