{"id":1391,"date":"2021-08-01T20:24:51","date_gmt":"2021-08-01T23:24:51","guid":{"rendered":"http:\/\/www.colegioaugustowinter.cl\/sitio\/\/?page_id=1391"},"modified":"2021-08-12T15:32:55","modified_gmt":"2021-08-12T18:32:55","slug":"como-ayudo-a-mi-hijo","status":"publish","type":"page","link":"http:\/\/colegioaugustowinter.cl\/sitio\/?page_id=1391","title":{"rendered":"\u00bfC\u00f3mo ayudo a mi hijo?"},"content":{"rendered":"\n<p><\/p>\n\n\n\n<p class=\"has-text-align-left\">Es importante como Apoderado, luego de haber ingresado su hijo\/a al Programa de Integraci\u00f3n, los profesionales a cargo de la intervenci\u00f3n para la entrega de apoyos, se mantendr\u00e1n en contacto, de manera de hacer una bajada de la informaci\u00f3n obtenida en el mes de marzo, informando diagn\u00f3stico y objetivos de trabajo, los cuales se resumen a un plan de trabajo, de esta manera \u00e9l o los profesionales a cargo de la intervenci\u00f3n entregar\u00e1n orientaciones para el apoyo\u00a0con su hijo\/a en el hogar.  Es importante revisar la agenda escolar o atender los llamados telef\u00f3nicos (canales de comunicaci\u00f3n que utiliza el establecimiento).<\/p>\n","protected":false},"excerpt":{"rendered":"<p>Es importante como Apoderado, luego de haber ingresado su hijo\/a al Programa de Integraci\u00f3n, los profesionales a cargo de la intervenci\u00f3n para la entrega de apoyos, se mantendr\u00e1n en contacto, de manera de hacer una bajada de la informaci\u00f3n obtenida en el mes de marzo, informando diagn\u00f3stico y objetivos de trabajo, los cuales se resumen [&hellip;]<\/p>\n","protected":false},"author":1,"featured_media":0,"parent":0,"menu_order":0,"comment_status":"closed","ping_status":"closed","template":"","meta":{"footnotes":""},"class_list":["post-1391","page","type-page","status-publish","hentry"],"_links":{"self":[{"href":"http:\/\/colegioaugustowinter.cl\/sitio\/index.php?rest_route=\/wp\/v2\/pages\/1391","targetHints":{"allow":["GET"]}}],"collection":[{"href":"http:\/\/colegioaugustowinter.cl\/sitio\/index.php?rest_route=\/wp\/v2\/pages"}],"about":[{"href":"http:\/\/colegioaugustowinter.cl\/sitio\/index.php?rest_route=\/wp\/v2\/types\/page"}],"author":[{"embeddable":true,"href":"http:\/\/colegioaugustowinter.cl\/sitio\/index.php?rest_route=\/wp\/v2\/users\/1"}],"replies":[{"embeddable":true,"href":"http:\/\/colegioaugustowinter.cl\/sitio\/index.php?rest_route=%2Fwp%2Fv2%2Fcomments&post=1391"}],"version-history":[{"count":3,"href":"http:\/\/colegioaugustowinter.cl\/sitio\/index.php?rest_route=\/wp\/v2\/pages\/1391\/revisions"}],"predecessor-version":[{"id":2403,"href":"http:\/\/colegioaugustowinter.cl\/sitio\/index.php?rest_route=\/wp\/v2\/pages\/1391\/revisions\/2403"}],"wp:attachment":[{"href":"http:\/\/colegioaugustowinter.cl\/sitio\/index.php?rest_route=%2Fwp%2Fv2%2Fmedia&parent=1391"}],"curies":[{"name":"wp","href":"https:\/\/api.w.org\/{rel}","templated":true}]}}