{"id":1387,"date":"2021-08-01T20:23:50","date_gmt":"2021-08-01T23:23:50","guid":{"rendered":"http:\/\/www.colegioaugustowinter.cl\/sitio\/\/?page_id=1387"},"modified":"2021-08-12T14:37:43","modified_gmt":"2021-08-12T17:37:43","slug":"a-quien-va-dirigido","status":"publish","type":"page","link":"http:\/\/colegioaugustowinter.cl\/sitio\/?page_id=1387","title":{"rendered":"\u00bfA qui\u00e9n va dirigido?"},"content":{"rendered":"\n<p>El programa de Integraci\u00f3n Escolar (PIE) est\u00e1 dirigido a ni\u00f1os y ni\u00f1as que cursen los niveles de transici\u00f3n II a 8 \u00b0 a\u00f1o b\u00e1sico y que de acuerdo presente un diagn\u00f3stico previo o al realizar una evaluaci\u00f3n integral por parte del equipo profesional, derivados por profesores del establecimiento, arroje como resultado un diagn\u00f3stico transitorio de DEA (Dificultad Espec\u00edfica en el Aprendizaje), TEL (Trastorno Espec\u00edfico del Lenguaje), TDA (Trastorno Espec\u00edfico del Aprendizaje), FIL (Funcionamiento Intelectual Lim\u00edtrofe), todos diagn\u00f3sticos transitorios, lo cual quiere decir que son por un periodo determinado en el transcurso de la escolaridad, seg\u00fan lo establece el Decreto n\u00b0 170 del Ministerio de Educaci\u00f3n. <\/p>\n\n\n\n<p>Podr\u00e1n incorporarse cinco estudiantes por cada curso, estos considerados de Transici\u00f3n II a 8\u00b0 a\u00f1o de ense\u00f1anza b\u00e1sica.<\/p>\n","protected":false},"excerpt":{"rendered":"<p>El programa de Integraci\u00f3n Escolar (PIE) est\u00e1 dirigido a ni\u00f1os y ni\u00f1as que cursen los niveles de transici\u00f3n II a 8 \u00b0 a\u00f1o b\u00e1sico y que de acuerdo presente un diagn\u00f3stico previo o al realizar una evaluaci\u00f3n integral por parte del equipo profesional, derivados por profesores del establecimiento, arroje como resultado un diagn\u00f3stico transitorio de [&hellip;]<\/p>\n","protected":false},"author":1,"featured_media":0,"parent":0,"menu_order":0,"comment_status":"closed","ping_status":"closed","template":"","meta":{"footnotes":""},"class_list":["post-1387","page","type-page","status-publish","hentry"],"_links":{"self":[{"href":"http:\/\/colegioaugustowinter.cl\/sitio\/index.php?rest_route=\/wp\/v2\/pages\/1387","targetHints":{"allow":["GET"]}}],"collection":[{"href":"http:\/\/colegioaugustowinter.cl\/sitio\/index.php?rest_route=\/wp\/v2\/pages"}],"about":[{"href":"http:\/\/colegioaugustowinter.cl\/sitio\/index.php?rest_route=\/wp\/v2\/types\/page"}],"author":[{"embeddable":true,"href":"http:\/\/colegioaugustowinter.cl\/sitio\/index.php?rest_route=\/wp\/v2\/users\/1"}],"replies":[{"embeddable":true,"href":"http:\/\/colegioaugustowinter.cl\/sitio\/index.php?rest_route=%2Fwp%2Fv2%2Fcomments&post=1387"}],"version-history":[{"count":2,"href":"http:\/\/colegioaugustowinter.cl\/sitio\/index.php?rest_route=\/wp\/v2\/pages\/1387\/revisions"}],"predecessor-version":[{"id":2391,"href":"http:\/\/colegioaugustowinter.cl\/sitio\/index.php?rest_route=\/wp\/v2\/pages\/1387\/revisions\/2391"}],"wp:attachment":[{"href":"http:\/\/colegioaugustowinter.cl\/sitio\/index.php?rest_route=%2Fwp%2Fv2%2Fmedia&parent=1387"}],"curies":[{"name":"wp","href":"https:\/\/api.w.org\/{rel}","templated":true}]}}