{"id":1364,"date":"2021-08-01T20:15:55","date_gmt":"2021-08-01T23:15:55","guid":{"rendered":"http:\/\/www.colegioaugustowinter.cl\/sitio\/\/?page_id=1364"},"modified":"2021-08-16T11:00:31","modified_gmt":"2021-08-16T14:00:31","slug":"alimentacion-junaeb","status":"publish","type":"page","link":"http:\/\/colegioaugustowinter.cl\/sitio\/?page_id=1364","title":{"rendered":"Alimentaci\u00f3n JUNAEB"},"content":{"rendered":"\n<p>El Programa de Alimentaci\u00f3n tiene como finalidad entregar diariamente &nbsp;servicios de alimentaci\u00f3n (desayunos, almuerzos, once, colaciones y cenas seg\u00fan corresponda) a los alumnos y alumnas en condici\u00f3n de vulnerabilidad de Establecimientos Educacionales Municipales y Particulares Subvencionados del pa\u00eds durante el a\u00f1o lectivo adscritos al Programas de Alimentaci\u00f3n Escolar, en los niveles de Educaci\u00f3n Parvulario (Pre-K\u00ednder y K\u00ednder), B\u00e1sica, Media y Adultos, con el objeto de mejorar su asistencia a clases y contribuir a evitar la deserci\u00f3n escolar.<\/p>\n\n\n\n<p>M\u00e1s detalles de nuestro Programa de Alimentaci\u00f3n:<\/p>\n\n\n\n<p><strong><a href=\"http:\/\/colegioaugustowinter.cl\/sitio\/wp-content\/uploads\/2021\/08\/JUNAEB.docx\">Alimentaci\u00f3n JUNAEB<\/a><\/strong><\/p>\n","protected":false},"excerpt":{"rendered":"<p>El Programa de Alimentaci\u00f3n tiene como finalidad entregar diariamente &nbsp;servicios de alimentaci\u00f3n (desayunos, almuerzos, once, colaciones y cenas seg\u00fan corresponda) a los alumnos y alumnas en condici\u00f3n de vulnerabilidad de Establecimientos Educacionales Municipales y Particulares Subvencionados del pa\u00eds durante el a\u00f1o lectivo adscritos al Programas de Alimentaci\u00f3n Escolar, en los niveles de Educaci\u00f3n Parvulario (Pre-K\u00ednder [&hellip;]<\/p>\n","protected":false},"author":1,"featured_media":0,"parent":0,"menu_order":0,"comment_status":"closed","ping_status":"closed","template":"","meta":{"footnotes":""},"class_list":["post-1364","page","type-page","status-publish","hentry"],"_links":{"self":[{"href":"http:\/\/colegioaugustowinter.cl\/sitio\/index.php?rest_route=\/wp\/v2\/pages\/1364","targetHints":{"allow":["GET"]}}],"collection":[{"href":"http:\/\/colegioaugustowinter.cl\/sitio\/index.php?rest_route=\/wp\/v2\/pages"}],"about":[{"href":"http:\/\/colegioaugustowinter.cl\/sitio\/index.php?rest_route=\/wp\/v2\/types\/page"}],"author":[{"embeddable":true,"href":"http:\/\/colegioaugustowinter.cl\/sitio\/index.php?rest_route=\/wp\/v2\/users\/1"}],"replies":[{"embeddable":true,"href":"http:\/\/colegioaugustowinter.cl\/sitio\/index.php?rest_route=%2Fwp%2Fv2%2Fcomments&post=1364"}],"version-history":[{"count":3,"href":"http:\/\/colegioaugustowinter.cl\/sitio\/index.php?rest_route=\/wp\/v2\/pages\/1364\/revisions"}],"predecessor-version":[{"id":2516,"href":"http:\/\/colegioaugustowinter.cl\/sitio\/index.php?rest_route=\/wp\/v2\/pages\/1364\/revisions\/2516"}],"wp:attachment":[{"href":"http:\/\/colegioaugustowinter.cl\/sitio\/index.php?rest_route=%2Fwp%2Fv2%2Fmedia&parent=1364"}],"curies":[{"name":"wp","href":"https:\/\/api.w.org\/{rel}","templated":true}]}}