{"id":1360,"date":"2021-08-01T20:14:53","date_gmt":"2021-08-01T23:14:53","guid":{"rendered":"http:\/\/www.colegioaugustowinter.cl\/sitio\/\/?page_id=1360"},"modified":"2021-08-16T10:39:19","modified_gmt":"2021-08-16T13:39:19","slug":"talleres-para-padres","status":"publish","type":"page","link":"http:\/\/colegioaugustowinter.cl\/sitio\/?page_id=1360","title":{"rendered":"Talleres para Padres"},"content":{"rendered":"\n<p>Los talleres para padres son una instancia &nbsp;para&nbsp;brindar un apoyo concreto a las familias de nuestro establecimiento, en tem\u00e1ticas que resultan interesantes y necesarias&nbsp;para&nbsp;el desarrollo de los estudiantes en su \u00e1mbito personal y familiar.<\/p>\n\n\n\n<p>Con la finalidad de abordar&nbsp; la mayor cantidad de tem\u00e1ticas , estos talleres ser\u00e1n divididos por ciclos o etapas de desarrollo.<\/p>\n\n\n\n<p>La programaci\u00f3n &nbsp;para el a\u00f1o 2021 es la siguiente:<\/p>\n\n\n\n<p><strong>Habilidades Parentales:&nbsp;<\/strong>Mi\u00e9rcoles&nbsp;5 de Mayo a las 18:00 horas, orientado a familias de Educaci\u00f3n Educaci\u00f3n Parvularia. Expositora, Marta Fern\u00e1ndez, Psic\u00f3loga PIE.<\/p>\n\n\n\n<p><strong>Contenci\u00f3n familiar en escenarios cambiantes,&nbsp;Transici\u00f3n infancia adolescencia:&nbsp;<\/strong>Mi\u00e9rcoles 2de junio a las 18:00 horas, orientado a familias de 5\u00b0 y 6\u00b0 b\u00e1sico. Expositora, Pamela L\u00f3pez, Psic\u00f3loga Convivencia Escolar.<\/p>\n\n\n\n<p><strong>Auto control y tolerancia a la frustraci\u00f3n:&nbsp;<\/strong>Mi\u00e9rcoles 7 de julio 18:00 horas, orientado a estudiantes de 1\u00b0 a 4\u00b0 b\u00e1sico. Expositora, Marta Fern\u00e1ndez, Psic\u00f3loga PIE.<\/p>\n\n\n\n<p><strong>Orientaci\u00f3n parental&nbsp;para&nbsp;toma de decisiones:&nbsp;<\/strong>Mi\u00e9rcoles 4 de agosto a las 18:00 horas, orientado a estudiantes de 7\u00b0 y 8\u00b0 b\u00e1sico. Expositora, Pamela L\u00f3pez, Psic\u00f3loga Convivencia Escolar.<\/p>\n\n\n\n<p><strong>Normas y l\u00edmites en el hogar:&nbsp;<\/strong>Mi\u00e9rcoles 1 de septiembre a las 18:00 horas, orientado a familias de 1\u00b0 a 4\u00b0 b\u00e1sico. Expositora, Marta Fern\u00e1ndez, Psic\u00f3loga PIE.<\/p>\n\n\n\n<p><strong>Modelo VICA, volatilidad, incertidumbre, complejidad y ambig\u00fcedad:&nbsp;<\/strong>Mi\u00e9rcoles 6 de octubre a las 18:00 horas, orientado a familias de estudiantes que cursan 5\u00b0 y 8\u00b0 b\u00e1sico. Expositora, Pamela L\u00f3pez, Psic\u00f3loga Convivencia Escolar.<\/p>\n\n\n\n<p><\/p>\n","protected":false},"excerpt":{"rendered":"<p>Los talleres para padres son una instancia &nbsp;para&nbsp;brindar un apoyo concreto a las familias de nuestro establecimiento, en tem\u00e1ticas que resultan interesantes y necesarias&nbsp;para&nbsp;el desarrollo de los estudiantes en su \u00e1mbito personal y familiar. Con la finalidad de abordar&nbsp; la mayor cantidad de tem\u00e1ticas , estos talleres ser\u00e1n divididos por ciclos o etapas de desarrollo. [&hellip;]<\/p>\n","protected":false},"author":1,"featured_media":0,"parent":0,"menu_order":0,"comment_status":"closed","ping_status":"closed","template":"","meta":{"footnotes":""},"class_list":["post-1360","page","type-page","status-publish","hentry"],"_links":{"self":[{"href":"http:\/\/colegioaugustowinter.cl\/sitio\/index.php?rest_route=\/wp\/v2\/pages\/1360","targetHints":{"allow":["GET"]}}],"collection":[{"href":"http:\/\/colegioaugustowinter.cl\/sitio\/index.php?rest_route=\/wp\/v2\/pages"}],"about":[{"href":"http:\/\/colegioaugustowinter.cl\/sitio\/index.php?rest_route=\/wp\/v2\/types\/page"}],"author":[{"embeddable":true,"href":"http:\/\/colegioaugustowinter.cl\/sitio\/index.php?rest_route=\/wp\/v2\/users\/1"}],"replies":[{"embeddable":true,"href":"http:\/\/colegioaugustowinter.cl\/sitio\/index.php?rest_route=%2Fwp%2Fv2%2Fcomments&post=1360"}],"version-history":[{"count":4,"href":"http:\/\/colegioaugustowinter.cl\/sitio\/index.php?rest_route=\/wp\/v2\/pages\/1360\/revisions"}],"predecessor-version":[{"id":2512,"href":"http:\/\/colegioaugustowinter.cl\/sitio\/index.php?rest_route=\/wp\/v2\/pages\/1360\/revisions\/2512"}],"wp:attachment":[{"href":"http:\/\/colegioaugustowinter.cl\/sitio\/index.php?rest_route=%2Fwp%2Fv2%2Fmedia&parent=1360"}],"curies":[{"name":"wp","href":"https:\/\/api.w.org\/{rel}","templated":true}]}}