{"id":1356,"date":"2021-08-01T20:14:00","date_gmt":"2021-08-01T23:14:00","guid":{"rendered":"http:\/\/www.colegioaugustowinter.cl\/sitio\/\/?page_id=1356"},"modified":"2021-08-16T11:11:01","modified_gmt":"2021-08-16T14:11:01","slug":"formacion-ciudadana","status":"publish","type":"page","link":"http:\/\/colegioaugustowinter.cl\/sitio\/?page_id=1356","title":{"rendered":"Formaci\u00f3n Ciudadana"},"content":{"rendered":"\n<figure class=\"wp-block-image size-full is-resized\"><img fetchpriority=\"high\" decoding=\"async\" src=\"http:\/\/colegioaugustowinter.cl\/sitio\/wp-content\/uploads\/2021\/08\/image.png\" alt=\"\" class=\"wp-image-2517\" width=\"1274\" height=\"482\" srcset=\"http:\/\/colegioaugustowinter.cl\/sitio\/wp-content\/uploads\/2021\/08\/image.png 589w, http:\/\/colegioaugustowinter.cl\/sitio\/wp-content\/uploads\/2021\/08\/image-400x151.png 400w, http:\/\/colegioaugustowinter.cl\/sitio\/wp-content\/uploads\/2021\/08\/image-367x139.png 367w\" sizes=\"(max-width: 1274px) 100vw, 1274px\" \/><\/figure>\n\n\n\n<p><\/p>\n\n\n\n<p>A continuaci\u00f3n nuestro Programa de Formaci\u00f3n Ciudadana: <\/p>\n\n\n\n<p><\/p>\n\n\n\n<p><strong><a href=\"http:\/\/colegioaugustowinter.cl\/sitio\/wp-content\/uploads\/2021\/08\/PLAN-DE-FORMACIO\u0301N-CIUDADANA-2021.docx\">Programa de Formaci\u00f3n Ciudadana: <\/a><\/strong><\/p>\n","protected":false},"excerpt":{"rendered":"<p>A continuaci\u00f3n nuestro Programa de Formaci\u00f3n Ciudadana: Programa de Formaci\u00f3n Ciudadana:<\/p>\n","protected":false},"author":1,"featured_media":0,"parent":0,"menu_order":0,"comment_status":"closed","ping_status":"closed","template":"","meta":{"footnotes":""},"class_list":["post-1356","page","type-page","status-publish","hentry"],"_links":{"self":[{"href":"http:\/\/colegioaugustowinter.cl\/sitio\/index.php?rest_route=\/wp\/v2\/pages\/1356","targetHints":{"allow":["GET"]}}],"collection":[{"href":"http:\/\/colegioaugustowinter.cl\/sitio\/index.php?rest_route=\/wp\/v2\/pages"}],"about":[{"href":"http:\/\/colegioaugustowinter.cl\/sitio\/index.php?rest_route=\/wp\/v2\/types\/page"}],"author":[{"embeddable":true,"href":"http:\/\/colegioaugustowinter.cl\/sitio\/index.php?rest_route=\/wp\/v2\/users\/1"}],"replies":[{"embeddable":true,"href":"http:\/\/colegioaugustowinter.cl\/sitio\/index.php?rest_route=%2Fwp%2Fv2%2Fcomments&post=1356"}],"version-history":[{"count":3,"href":"http:\/\/colegioaugustowinter.cl\/sitio\/index.php?rest_route=\/wp\/v2\/pages\/1356\/revisions"}],"predecessor-version":[{"id":2521,"href":"http:\/\/colegioaugustowinter.cl\/sitio\/index.php?rest_route=\/wp\/v2\/pages\/1356\/revisions\/2521"}],"wp:attachment":[{"href":"http:\/\/colegioaugustowinter.cl\/sitio\/index.php?rest_route=%2Fwp%2Fv2%2Fmedia&parent=1356"}],"curies":[{"name":"wp","href":"https:\/\/api.w.org\/{rel}","templated":true}]}}