{"id":1352,"date":"2021-08-01T20:12:58","date_gmt":"2021-08-01T23:12:58","guid":{"rendered":"http:\/\/www.colegioaugustowinter.cl\/sitio\/\/?page_id=1352"},"modified":"2021-08-16T11:19:47","modified_gmt":"2021-08-16T14:19:47","slug":"programa-de-sexualidad-teen-star","status":"publish","type":"page","link":"http:\/\/colegioaugustowinter.cl\/sitio\/?page_id=1352","title":{"rendered":"Programa de Sexualidad Teen Star"},"content":{"rendered":"\n<p>El principal prop\u00f3sito del&nbsp;<strong>Programa Educativo Teen STAR<\/strong>&nbsp;es acompa\u00f1ar individual y comunitariamente a ni\u00f1os, adolescentes y j\u00f3venes en las diferentes etapas de su desarrollo con una mirada personalista de su afectividad y sexualidad.<\/p>\n\n\n\n<p>Para lograr este objetivo, el Programa se implementa por medio del seguimiento de un curr\u00edculum para cada nivel educativo, de acuerdo a los objetivos y contenidos propios de Teen STAR y las sugerencias y orientaciones propuestas por el MINEDUC.<\/p>\n\n\n\n<p>Lea a continuaci\u00f3n el Programa de Sexualidad Teen Star:<\/p>\n\n\n\n<p><\/p>\n\n\n\n<p><strong><a href=\"http:\/\/colegioaugustowinter.cl\/sitio\/wp-content\/uploads\/2021\/08\/Programa-Teen-Star.docx\" data-type=\"URL\" data-id=\"http:\/\/colegioaugustowinter.cl\/sitio\/wp-content\/uploads\/2021\/08\/Programa-Teen-Star.docx\">Programa de Sexualidad Teen Star: <\/a><\/strong><\/p>\n","protected":false},"excerpt":{"rendered":"<p>El principal prop\u00f3sito del&nbsp;Programa Educativo Teen STAR&nbsp;es acompa\u00f1ar individual y comunitariamente a ni\u00f1os, adolescentes y j\u00f3venes en las diferentes etapas de su desarrollo con una mirada personalista de su afectividad y sexualidad. Para lograr este objetivo, el Programa se implementa por medio del seguimiento de un curr\u00edculum para cada nivel educativo, de acuerdo a los [&hellip;]<\/p>\n","protected":false},"author":1,"featured_media":0,"parent":0,"menu_order":0,"comment_status":"closed","ping_status":"closed","template":"","meta":{"footnotes":""},"class_list":["post-1352","page","type-page","status-publish","hentry"],"_links":{"self":[{"href":"http:\/\/colegioaugustowinter.cl\/sitio\/index.php?rest_route=\/wp\/v2\/pages\/1352","targetHints":{"allow":["GET"]}}],"collection":[{"href":"http:\/\/colegioaugustowinter.cl\/sitio\/index.php?rest_route=\/wp\/v2\/pages"}],"about":[{"href":"http:\/\/colegioaugustowinter.cl\/sitio\/index.php?rest_route=\/wp\/v2\/types\/page"}],"author":[{"embeddable":true,"href":"http:\/\/colegioaugustowinter.cl\/sitio\/index.php?rest_route=\/wp\/v2\/users\/1"}],"replies":[{"embeddable":true,"href":"http:\/\/colegioaugustowinter.cl\/sitio\/index.php?rest_route=%2Fwp%2Fv2%2Fcomments&post=1352"}],"version-history":[{"count":3,"href":"http:\/\/colegioaugustowinter.cl\/sitio\/index.php?rest_route=\/wp\/v2\/pages\/1352\/revisions"}],"predecessor-version":[{"id":2525,"href":"http:\/\/colegioaugustowinter.cl\/sitio\/index.php?rest_route=\/wp\/v2\/pages\/1352\/revisions\/2525"}],"wp:attachment":[{"href":"http:\/\/colegioaugustowinter.cl\/sitio\/index.php?rest_route=%2Fwp%2Fv2%2Fmedia&parent=1352"}],"curies":[{"name":"wp","href":"https:\/\/api.w.org\/{rel}","templated":true}]}}