{"id":1347,"date":"2021-08-01T20:19:56","date_gmt":"2021-08-01T23:19:56","guid":{"rendered":"http:\/\/www.colegioaugustowinter.cl\/sitio\/\/?page_id=1347"},"modified":"2021-08-27T12:32:48","modified_gmt":"2021-08-27T15:32:48","slug":"plan-de-orientacion","status":"publish","type":"page","link":"http:\/\/colegioaugustowinter.cl\/sitio\/?page_id=1347","title":{"rendered":"Plan de Orientaci\u00f3n"},"content":{"rendered":"\n<p>Los objetivos planteados en este programa se centran en resguardar, velar por la integridad y bienestar superior de nuestros estudiantes, propiciando el desarrollo de sus habilidades personales.<\/p>\n\n\n\n<p><br><strong>Objetivo general:<\/strong><br>Promover e intencionar el aprendizaje socioemocional de cada uno de los estudiantes del establecimiento educacional Augusto Winter desde educaci\u00f3n parvulario hasta octavo a\u00f1o de ense\u00f1anza b\u00e1sica, para contribuir a su formaci\u00f3n integral.<br><\/p>\n\n\n\n<p><strong>Objetivos espec\u00edficos:<\/strong><\/p>\n\n\n\n<ol class=\"wp-block-list\"><li>Desarrollar habilidades personales en relaci\u00f3n a la identificaci\u00f3n y expresi\u00f3n de<br>emociones.<\/li><li>Entregar a los docentes orientaciones respecto a las etapas del desarrollo en la<br>que se encuentran los estudiantes para una mejor gu\u00eda en el abordaje<br>socioemocional.<\/li><li>Fortalecer el desarrollo de la Autoestima de cada uno de los estudiantes del<br>establecimiento educacional, como cimiento de las herramientas de<br>afrontamiento futuro.<\/li><li>Promover en la comunidad educativa las oportunidades que entrega el sistema<br>educativo para relevar los contenidos asociados al aprendizaje socioemocional<br>con especial \u00e9nfasis en las Bases Curriculares de Orientaci\u00f3n.<\/li><\/ol>\n\n\n\n<p><\/p>\n\n\n\n<p>P<a href=\"http:\/\/colegioaugustowinter.cl\/sitio\/wp-content\/uploads\/2021\/08\/Plan-Programa-Orientacio\u0301n-Desarrollo-Socioemocional-1-2.pdf\">lan de Orientaci\u00f3n 2021<\/a><\/p>\n","protected":false},"excerpt":{"rendered":"<p>Los objetivos planteados en este programa se centran en resguardar, velar por la integridad y bienestar superior de nuestros estudiantes, propiciando el desarrollo de sus habilidades personales. Objetivo general:Promover e intencionar el aprendizaje socioemocional de cada uno de los estudiantes del establecimiento educacional Augusto Winter desde educaci\u00f3n parvulario hasta octavo a\u00f1o de ense\u00f1anza b\u00e1sica, para [&hellip;]<\/p>\n","protected":false},"author":1,"featured_media":0,"parent":0,"menu_order":0,"comment_status":"closed","ping_status":"closed","template":"","meta":{"footnotes":""},"class_list":["post-1347","page","type-page","status-publish","hentry"],"_links":{"self":[{"href":"http:\/\/colegioaugustowinter.cl\/sitio\/index.php?rest_route=\/wp\/v2\/pages\/1347","targetHints":{"allow":["GET"]}}],"collection":[{"href":"http:\/\/colegioaugustowinter.cl\/sitio\/index.php?rest_route=\/wp\/v2\/pages"}],"about":[{"href":"http:\/\/colegioaugustowinter.cl\/sitio\/index.php?rest_route=\/wp\/v2\/types\/page"}],"author":[{"embeddable":true,"href":"http:\/\/colegioaugustowinter.cl\/sitio\/index.php?rest_route=\/wp\/v2\/users\/1"}],"replies":[{"embeddable":true,"href":"http:\/\/colegioaugustowinter.cl\/sitio\/index.php?rest_route=%2Fwp%2Fv2%2Fcomments&post=1347"}],"version-history":[{"count":3,"href":"http:\/\/colegioaugustowinter.cl\/sitio\/index.php?rest_route=\/wp\/v2\/pages\/1347\/revisions"}],"predecessor-version":[{"id":2713,"href":"http:\/\/colegioaugustowinter.cl\/sitio\/index.php?rest_route=\/wp\/v2\/pages\/1347\/revisions\/2713"}],"wp:attachment":[{"href":"http:\/\/colegioaugustowinter.cl\/sitio\/index.php?rest_route=%2Fwp%2Fv2%2Fmedia&parent=1347"}],"curies":[{"name":"wp","href":"https:\/\/api.w.org\/{rel}","templated":true}]}}