{"id":1345,"date":"2021-08-01T20:09:09","date_gmt":"2021-08-01T23:09:09","guid":{"rendered":"http:\/\/www.colegioaugustowinter.cl\/sitio\/\/?page_id=1345"},"modified":"2021-08-16T11:24:19","modified_gmt":"2021-08-16T14:24:19","slug":"plan-de-gestion-de-ce","status":"publish","type":"page","link":"http:\/\/colegioaugustowinter.cl\/sitio\/?page_id=1345","title":{"rendered":"Plan de Gesti\u00f3n de CE"},"content":{"rendered":"\n<p>Para el Colegio Augusto Winter la pr\u00e1ctica y promoci\u00f3n de una buena convivencia escolar es fundamental para el desarrollo y formaci\u00f3n personal de los estudiantes, generando climas de aulas propicios para alcanzar aprendizajes de calidad. Las conductas, actitudes y formas de sana convivencia se aprenden, y en funci\u00f3n de esto es que deben ser una pr\u00e1ctica constante dentro de la comunidad educativa.<\/p>\n\n\n\n<p>&nbsp; La Coordinaci\u00f3n de Convivencia Escolar, apoyada por las diferentes unidades que componen el equipo de gesti\u00f3n del Colegio Augusto Winter, elabora una serie de actividades acorde al calendario escolar en curso, siempre orientadas a la educaci\u00f3n formativa, dando \u00e9nfasis a los valores que promueve el Proyecto Educativo Institucional; Superaci\u00f3n Personal, Respeto, Acogida y Responsabilidad, incluyendo en estas actividades a todos los estamentos que componen la comunidad escolar, es decir, estudiantes, profesores, padres y apoderados.<\/p>\n\n\n\n<p>A continuaci\u00f3n, podr\u00e1 descargar el Plan de Gesti\u00f3n de Convivencia Escolar 2021:<\/p>\n\n\n\n<p><a href=\"http:\/\/colegioaugustowinter.cl\/sitio\/wp-content\/uploads\/2021\/08\/Plan-de-Gestion-CE.docx\"><strong>Plan de Gesti\u00f3n CE<\/strong><\/a><\/p>\n","protected":false},"excerpt":{"rendered":"<p>Para el Colegio Augusto Winter la pr\u00e1ctica y promoci\u00f3n de una buena convivencia escolar es fundamental para el desarrollo y formaci\u00f3n personal de los estudiantes, generando climas de aulas propicios para alcanzar aprendizajes de calidad. Las conductas, actitudes y formas de sana convivencia se aprenden, y en funci\u00f3n de esto es que deben ser una [&hellip;]<\/p>\n","protected":false},"author":1,"featured_media":0,"parent":0,"menu_order":0,"comment_status":"closed","ping_status":"closed","template":"","meta":{"footnotes":""},"class_list":["post-1345","page","type-page","status-publish","hentry"],"_links":{"self":[{"href":"http:\/\/colegioaugustowinter.cl\/sitio\/index.php?rest_route=\/wp\/v2\/pages\/1345","targetHints":{"allow":["GET"]}}],"collection":[{"href":"http:\/\/colegioaugustowinter.cl\/sitio\/index.php?rest_route=\/wp\/v2\/pages"}],"about":[{"href":"http:\/\/colegioaugustowinter.cl\/sitio\/index.php?rest_route=\/wp\/v2\/types\/page"}],"author":[{"embeddable":true,"href":"http:\/\/colegioaugustowinter.cl\/sitio\/index.php?rest_route=\/wp\/v2\/users\/1"}],"replies":[{"embeddable":true,"href":"http:\/\/colegioaugustowinter.cl\/sitio\/index.php?rest_route=%2Fwp%2Fv2%2Fcomments&post=1345"}],"version-history":[{"count":3,"href":"http:\/\/colegioaugustowinter.cl\/sitio\/index.php?rest_route=\/wp\/v2\/pages\/1345\/revisions"}],"predecessor-version":[{"id":2506,"href":"http:\/\/colegioaugustowinter.cl\/sitio\/index.php?rest_route=\/wp\/v2\/pages\/1345\/revisions\/2506"}],"wp:attachment":[{"href":"http:\/\/colegioaugustowinter.cl\/sitio\/index.php?rest_route=%2Fwp%2Fv2%2Fmedia&parent=1345"}],"curies":[{"name":"wp","href":"https:\/\/api.w.org\/{rel}","templated":true}]}}