{"id":1335,"date":"2021-08-01T20:06:28","date_gmt":"2021-08-01T23:06:28","guid":{"rendered":"http:\/\/www.colegioaugustowinter.cl\/sitio\/\/?page_id=1335"},"modified":"2021-08-16T10:32:41","modified_gmt":"2021-08-16T13:32:41","slug":"plan-de-trabajo","status":"publish","type":"page","link":"http:\/\/colegioaugustowinter.cl\/sitio\/?page_id=1335","title":{"rendered":"Plan de Trabajo"},"content":{"rendered":"\n<p>El plan de trabajo, resulta mediante una intervenci\u00f3n que se realizar\u00e1 priorizando la atenci\u00f3n en el aula com\u00fan con Educadores Diferenciales, apoyando las \u00e1reas en la que presentan mayores dificultades y enfatizando lectoescritura y educaci\u00f3n matem\u00e1tica. Para aquellos estudiantes diagnosticados con un Trastorno Espec\u00edfico del Lenguaje, se realizar\u00e1 intervenci\u00f3n fonoaudiol\u00f3gica individual de forma semanal. Adem\u00e1s, los estudiantes pertenecientes al Programa de Integraci\u00f3n que lo requieran tendr\u00e1n el apoyo profesional constante de un psic\u00f3logo, que acompa\u00f1ar\u00e1 el desarrollo integral, junto con otorgar apoyo psicosocial a sus familias. Se pretende mejorar su desempe\u00f1o escolar, social, junto con fortalecer su autoestima, habilidades sociales y de integraci\u00f3n al grupo por curso.<\/p>\n\n\n\n<p>Para el ingreso oficial de estudiantes al Programa de Integraci\u00f3n se realiza una evaluaci\u00f3n integral, durante el mes de marzo de cada a\u00f1o, donde se visualizan las NEET y se ingresan al PIE, previo autorizaci\u00f3n de padres y apoderados para el a\u00f1o respectivo. Los apoderados deben entregar certificados con diagn\u00f3sticos previos (si existieran) durante el transcurso del mes de marzo para poder concretar la evaluaci\u00f3n. Una vez evaluados se mantiene\u00a0en lista de espera y se incorporan seg\u00fan prioridad de sus dificultades y en relaci\u00f3n a los cupos disponibles.<\/p>\n","protected":false},"excerpt":{"rendered":"<p>El plan de trabajo, resulta mediante una intervenci\u00f3n que se realizar\u00e1 priorizando la atenci\u00f3n en el aula com\u00fan con Educadores Diferenciales, apoyando las \u00e1reas en la que presentan mayores dificultades y enfatizando lectoescritura y educaci\u00f3n matem\u00e1tica. Para aquellos estudiantes diagnosticados con un Trastorno Espec\u00edfico del Lenguaje, se realizar\u00e1 intervenci\u00f3n fonoaudiol\u00f3gica individual de forma semanal. Adem\u00e1s, [&hellip;]<\/p>\n","protected":false},"author":1,"featured_media":0,"parent":0,"menu_order":0,"comment_status":"closed","ping_status":"closed","template":"","meta":{"footnotes":""},"class_list":["post-1335","page","type-page","status-publish","hentry"],"_links":{"self":[{"href":"http:\/\/colegioaugustowinter.cl\/sitio\/index.php?rest_route=\/wp\/v2\/pages\/1335","targetHints":{"allow":["GET"]}}],"collection":[{"href":"http:\/\/colegioaugustowinter.cl\/sitio\/index.php?rest_route=\/wp\/v2\/pages"}],"about":[{"href":"http:\/\/colegioaugustowinter.cl\/sitio\/index.php?rest_route=\/wp\/v2\/types\/page"}],"author":[{"embeddable":true,"href":"http:\/\/colegioaugustowinter.cl\/sitio\/index.php?rest_route=\/wp\/v2\/users\/1"}],"replies":[{"embeddable":true,"href":"http:\/\/colegioaugustowinter.cl\/sitio\/index.php?rest_route=%2Fwp%2Fv2%2Fcomments&post=1335"}],"version-history":[{"count":7,"href":"http:\/\/colegioaugustowinter.cl\/sitio\/index.php?rest_route=\/wp\/v2\/pages\/1335\/revisions"}],"predecessor-version":[{"id":2511,"href":"http:\/\/colegioaugustowinter.cl\/sitio\/index.php?rest_route=\/wp\/v2\/pages\/1335\/revisions\/2511"}],"wp:attachment":[{"href":"http:\/\/colegioaugustowinter.cl\/sitio\/index.php?rest_route=%2Fwp%2Fv2%2Fmedia&parent=1335"}],"curies":[{"name":"wp","href":"https:\/\/api.w.org\/{rel}","templated":true}]}}