{"id":1331,"date":"2021-08-01T20:05:10","date_gmt":"2021-08-01T23:05:10","guid":{"rendered":"http:\/\/www.colegioaugustowinter.cl\/sitio\/\/?page_id=1331"},"modified":"2024-07-17T21:41:07","modified_gmt":"2024-07-18T00:41:07","slug":"horarios-por-curso","status":"publish","type":"page","link":"http:\/\/colegioaugustowinter.cl\/sitio\/?page_id=1331","title":{"rendered":"Horarios por Curso"},"content":{"rendered":"\n<p><\/p>\n\n\n\n<p>El horario de clases es un elemento fundamental en la organizaci\u00f3n y planificaci\u00f3n de las actividades acad\u00e9micas. Este documento detalla de forma estructurada los horarios de cada asignatura, especificando el d\u00eda, la hora y el aula donde se llevar\u00e1 a cabo cada clase.<\/p>\n\n\n\n<p><\/p>\n\n\n\n<p><strong>Horario de Clases 2024<\/strong><\/p>\n\n\n\n<p><\/p>\n","protected":false},"excerpt":{"rendered":"<p>El horario de clases es un elemento fundamental en la organizaci\u00f3n y planificaci\u00f3n de las actividades acad\u00e9micas. Este documento detalla de forma estructurada los horarios de cada asignatura, especificando el d\u00eda, la hora y el aula donde se llevar\u00e1 a cabo cada clase. Horario de Clases 2024<\/p>\n","protected":false},"author":1,"featured_media":0,"parent":0,"menu_order":0,"comment_status":"closed","ping_status":"closed","template":"","meta":{"footnotes":""},"class_list":["post-1331","page","type-page","status-publish","hentry"],"_links":{"self":[{"href":"http:\/\/colegioaugustowinter.cl\/sitio\/index.php?rest_route=\/wp\/v2\/pages\/1331","targetHints":{"allow":["GET"]}}],"collection":[{"href":"http:\/\/colegioaugustowinter.cl\/sitio\/index.php?rest_route=\/wp\/v2\/pages"}],"about":[{"href":"http:\/\/colegioaugustowinter.cl\/sitio\/index.php?rest_route=\/wp\/v2\/types\/page"}],"author":[{"embeddable":true,"href":"http:\/\/colegioaugustowinter.cl\/sitio\/index.php?rest_route=\/wp\/v2\/users\/1"}],"replies":[{"embeddable":true,"href":"http:\/\/colegioaugustowinter.cl\/sitio\/index.php?rest_route=%2Fwp%2Fv2%2Fcomments&post=1331"}],"version-history":[{"count":9,"href":"http:\/\/colegioaugustowinter.cl\/sitio\/index.php?rest_route=\/wp\/v2\/pages\/1331\/revisions"}],"predecessor-version":[{"id":5488,"href":"http:\/\/colegioaugustowinter.cl\/sitio\/index.php?rest_route=\/wp\/v2\/pages\/1331\/revisions\/5488"}],"wp:attachment":[{"href":"http:\/\/colegioaugustowinter.cl\/sitio\/index.php?rest_route=%2Fwp%2Fv2%2Fmedia&parent=1331"}],"curies":[{"name":"wp","href":"https:\/\/api.w.org\/{rel}","templated":true}]}}