{"id":1327,"date":"2021-08-01T20:04:06","date_gmt":"2021-08-01T23:04:06","guid":{"rendered":"http:\/\/www.colegioaugustowinter.cl\/sitio\/\/?page_id=1327"},"modified":"2024-07-17T21:44:40","modified_gmt":"2024-07-18T00:44:40","slug":"calendario-escolar","status":"publish","type":"page","link":"http:\/\/colegioaugustowinter.cl\/sitio\/?page_id=1327","title":{"rendered":"Calendario Escolar 2024"},"content":{"rendered":"\n<p><\/p>\n\n\n\n<p>Nuestro Colegio, a trav\u00e9s de su Calendario Escolar, considerar\u00e1 todas aquellas actividades necesarias para la planificaci\u00f3n, organizaci\u00f3n, desarrollo, evaluaci\u00f3n y finalizaci\u00f3n del proceso escolar, para lo cual, en t\u00e9rminos generales, comprender\u00e1n los per\u00edodos y fechas que se indican a continuaci\u00f3n, seg\u00fan sea el r\u00e9gimen temporal semestral, el cual se da a conocer a continuaci\u00f3n.<\/p>\n\n\n\n<p><br>Conoce aqu\u00ed nuestro calendario:<\/p>\n\n\n\n<p><strong><a href=\"http:\/\/colegioaugustowinter.cl\/sitio\/wp-content\/uploads\/2021\/08\/CALENDARIO-ESCOLAR-2021.docx\">C<\/a><a href=\"http:\/\/colegioaugustowinter.cl\/sitio\/wp-content\/uploads\/2022\/03\/CALENDARIO-ESCOLAR-2022.pdf\">alendari<\/a>o Escolar 2024<\/strong><\/p>\n","protected":false},"excerpt":{"rendered":"<p>Nuestro Colegio, a trav\u00e9s de su Calendario Escolar, considerar\u00e1 todas aquellas actividades necesarias para la planificaci\u00f3n, organizaci\u00f3n, desarrollo, evaluaci\u00f3n y finalizaci\u00f3n del proceso escolar, para lo cual, en t\u00e9rminos generales, comprender\u00e1n los per\u00edodos y fechas que se indican a continuaci\u00f3n, seg\u00fan sea el r\u00e9gimen temporal semestral, el cual se da a conocer a continuaci\u00f3n. Conoce [&hellip;]<\/p>\n","protected":false},"author":1,"featured_media":0,"parent":0,"menu_order":0,"comment_status":"closed","ping_status":"closed","template":"","meta":{"footnotes":""},"class_list":["post-1327","page","type-page","status-publish","hentry"],"_links":{"self":[{"href":"http:\/\/colegioaugustowinter.cl\/sitio\/index.php?rest_route=\/wp\/v2\/pages\/1327","targetHints":{"allow":["GET"]}}],"collection":[{"href":"http:\/\/colegioaugustowinter.cl\/sitio\/index.php?rest_route=\/wp\/v2\/pages"}],"about":[{"href":"http:\/\/colegioaugustowinter.cl\/sitio\/index.php?rest_route=\/wp\/v2\/types\/page"}],"author":[{"embeddable":true,"href":"http:\/\/colegioaugustowinter.cl\/sitio\/index.php?rest_route=\/wp\/v2\/users\/1"}],"replies":[{"embeddable":true,"href":"http:\/\/colegioaugustowinter.cl\/sitio\/index.php?rest_route=%2Fwp%2Fv2%2Fcomments&post=1327"}],"version-history":[{"count":6,"href":"http:\/\/colegioaugustowinter.cl\/sitio\/index.php?rest_route=\/wp\/v2\/pages\/1327\/revisions"}],"predecessor-version":[{"id":5227,"href":"http:\/\/colegioaugustowinter.cl\/sitio\/index.php?rest_route=\/wp\/v2\/pages\/1327\/revisions\/5227"}],"wp:attachment":[{"href":"http:\/\/colegioaugustowinter.cl\/sitio\/index.php?rest_route=%2Fwp%2Fv2%2Fmedia&parent=1327"}],"curies":[{"name":"wp","href":"https:\/\/api.w.org\/{rel}","templated":true}]}}