{"id":1298,"date":"2021-08-01T19:37:39","date_gmt":"2021-08-01T22:37:39","guid":{"rendered":"http:\/\/www.colegioaugustowinter.cl\/sitio\/\/?page_id=1298"},"modified":"2021-08-11T12:25:07","modified_gmt":"2021-08-11T15:25:07","slug":"gimnasio","status":"publish","type":"page","link":"http:\/\/colegioaugustowinter.cl\/sitio\/?page_id=1298","title":{"rendered":"Gimnasio"},"content":{"rendered":"\n<p class=\"has-medium-font-size\">Es un gran recinto cerrado que contiene una multicancha de diversos deportes, con su respectivo equipamiento, adem\u00e1s de servir para las clases de educaci\u00f3n f\u00edsica, actividades art\u00edsticas y los recreos.<\/p>\n\n\n\n<figure class=\"wp-block-image size-full is-resized\"><img fetchpriority=\"high\" decoding=\"async\" src=\"http:\/\/colegioaugustowinter.cl\/sitio\/wp-content\/uploads\/2021\/08\/IMG-20180730-WA0006-1.jpg\" alt=\"\" class=\"wp-image-2198\" width=\"910\" height=\"683\" srcset=\"http:\/\/colegioaugustowinter.cl\/sitio\/wp-content\/uploads\/2021\/08\/IMG-20180730-WA0006-1.jpg 512w, http:\/\/colegioaugustowinter.cl\/sitio\/wp-content\/uploads\/2021\/08\/IMG-20180730-WA0006-1-463x348.jpg 463w, http:\/\/colegioaugustowinter.cl\/sitio\/wp-content\/uploads\/2021\/08\/IMG-20180730-WA0006-1-400x300.jpg 400w, http:\/\/colegioaugustowinter.cl\/sitio\/wp-content\/uploads\/2021\/08\/IMG-20180730-WA0006-1-367x275.jpg 367w\" sizes=\"(max-width: 910px) 100vw, 910px\" \/><\/figure>\n","protected":false},"excerpt":{"rendered":"<p>Es un gran recinto cerrado que contiene una multicancha de diversos deportes, con su respectivo equipamiento, adem\u00e1s de servir para las clases de educaci\u00f3n f\u00edsica, actividades art\u00edsticas y los recreos.<\/p>\n","protected":false},"author":1,"featured_media":0,"parent":0,"menu_order":0,"comment_status":"closed","ping_status":"closed","template":"","meta":{"footnotes":""},"class_list":["post-1298","page","type-page","status-publish","hentry"],"_links":{"self":[{"href":"http:\/\/colegioaugustowinter.cl\/sitio\/index.php?rest_route=\/wp\/v2\/pages\/1298","targetHints":{"allow":["GET"]}}],"collection":[{"href":"http:\/\/colegioaugustowinter.cl\/sitio\/index.php?rest_route=\/wp\/v2\/pages"}],"about":[{"href":"http:\/\/colegioaugustowinter.cl\/sitio\/index.php?rest_route=\/wp\/v2\/types\/page"}],"author":[{"embeddable":true,"href":"http:\/\/colegioaugustowinter.cl\/sitio\/index.php?rest_route=\/wp\/v2\/users\/1"}],"replies":[{"embeddable":true,"href":"http:\/\/colegioaugustowinter.cl\/sitio\/index.php?rest_route=%2Fwp%2Fv2%2Fcomments&post=1298"}],"version-history":[{"count":3,"href":"http:\/\/colegioaugustowinter.cl\/sitio\/index.php?rest_route=\/wp\/v2\/pages\/1298\/revisions"}],"predecessor-version":[{"id":2200,"href":"http:\/\/colegioaugustowinter.cl\/sitio\/index.php?rest_route=\/wp\/v2\/pages\/1298\/revisions\/2200"}],"wp:attachment":[{"href":"http:\/\/colegioaugustowinter.cl\/sitio\/index.php?rest_route=%2Fwp%2Fv2%2Fmedia&parent=1298"}],"curies":[{"name":"wp","href":"https:\/\/api.w.org\/{rel}","templated":true}]}}