{"id":1290,"date":"2021-08-01T19:34:57","date_gmt":"2021-08-01T22:34:57","guid":{"rendered":"http:\/\/www.colegioaugustowinter.cl\/sitio\/\/?page_id=1290"},"modified":"2021-08-16T15:43:57","modified_gmt":"2021-08-16T18:43:57","slug":"laboratorio-de-computacion","status":"publish","type":"page","link":"http:\/\/colegioaugustowinter.cl\/sitio\/?page_id=1290","title":{"rendered":"Laboratorio de Computaci\u00f3n"},"content":{"rendered":"\n<p class=\"has-medium-font-size\">Nuestro Laboratorio de Inform\u00e1tica cuenta con 24 computadores Windows 10pro, Intel Pentium3.70Ghz, 4Gb RAM y conexi\u00f3n a Internet. Adem\u00e1s es un sitio acogedor que posee buena iluminaci\u00f3n, calefacci\u00f3n para que nuestra comunidad realice sus asignaciones. Cuenta con recursos de proyecci\u00f3n audiovisual.<\/p>\n\n\n\n<figure class=\"wp-block-image size-large\"><img fetchpriority=\"high\" decoding=\"async\" width=\"1024\" height=\"768\" src=\"http:\/\/colegioaugustowinter.cl\/sitio\/wp-content\/uploads\/2021\/08\/IMG_5324-1-1024x768.jpg\" alt=\"\" class=\"wp-image-2194\" srcset=\"http:\/\/colegioaugustowinter.cl\/sitio\/wp-content\/uploads\/2021\/08\/IMG_5324-1-1024x768.jpg 1024w, http:\/\/colegioaugustowinter.cl\/sitio\/wp-content\/uploads\/2021\/08\/IMG_5324-1-768x576.jpg 768w, http:\/\/colegioaugustowinter.cl\/sitio\/wp-content\/uploads\/2021\/08\/IMG_5324-1-463x348.jpg 463w, http:\/\/colegioaugustowinter.cl\/sitio\/wp-content\/uploads\/2021\/08\/IMG_5324-1-640x480.jpg 640w, http:\/\/colegioaugustowinter.cl\/sitio\/wp-content\/uploads\/2021\/08\/IMG_5324-1-400x300.jpg 400w, http:\/\/colegioaugustowinter.cl\/sitio\/wp-content\/uploads\/2021\/08\/IMG_5324-1-367x275.jpg 367w, http:\/\/colegioaugustowinter.cl\/sitio\/wp-content\/uploads\/2021\/08\/IMG_5324-1-600x450.jpg 600w\" sizes=\"(max-width: 1024px) 100vw, 1024px\" \/><\/figure>\n\n\n\n<p><\/p>\n\n\n\n<p><\/p>\n","protected":false},"excerpt":{"rendered":"<p>Nuestro Laboratorio de Inform\u00e1tica cuenta con 24 computadores Windows 10pro, Intel Pentium3.70Ghz, 4Gb RAM y conexi\u00f3n a Internet. Adem\u00e1s es un sitio acogedor que posee buena iluminaci\u00f3n, calefacci\u00f3n para que nuestra comunidad realice sus asignaciones. Cuenta con recursos de proyecci\u00f3n audiovisual.<\/p>\n","protected":false},"author":1,"featured_media":0,"parent":0,"menu_order":0,"comment_status":"closed","ping_status":"closed","template":"","meta":{"footnotes":""},"class_list":["post-1290","page","type-page","status-publish","hentry"],"_links":{"self":[{"href":"http:\/\/colegioaugustowinter.cl\/sitio\/index.php?rest_route=\/wp\/v2\/pages\/1290","targetHints":{"allow":["GET"]}}],"collection":[{"href":"http:\/\/colegioaugustowinter.cl\/sitio\/index.php?rest_route=\/wp\/v2\/pages"}],"about":[{"href":"http:\/\/colegioaugustowinter.cl\/sitio\/index.php?rest_route=\/wp\/v2\/types\/page"}],"author":[{"embeddable":true,"href":"http:\/\/colegioaugustowinter.cl\/sitio\/index.php?rest_route=\/wp\/v2\/users\/1"}],"replies":[{"embeddable":true,"href":"http:\/\/colegioaugustowinter.cl\/sitio\/index.php?rest_route=%2Fwp%2Fv2%2Fcomments&post=1290"}],"version-history":[{"count":5,"href":"http:\/\/colegioaugustowinter.cl\/sitio\/index.php?rest_route=\/wp\/v2\/pages\/1290\/revisions"}],"predecessor-version":[{"id":2580,"href":"http:\/\/colegioaugustowinter.cl\/sitio\/index.php?rest_route=\/wp\/v2\/pages\/1290\/revisions\/2580"}],"wp:attachment":[{"href":"http:\/\/colegioaugustowinter.cl\/sitio\/index.php?rest_route=%2Fwp%2Fv2%2Fmedia&parent=1290"}],"curies":[{"name":"wp","href":"https:\/\/api.w.org\/{rel}","templated":true}]}}