{"id":1280,"date":"2021-08-01T19:30:24","date_gmt":"2021-08-01T22:30:24","guid":{"rendered":"http:\/\/www.colegioaugustowinter.cl\/sitio\/\/?page_id=1280"},"modified":"2025-03-23T12:03:02","modified_gmt":"2025-03-23T15:03:02","slug":"asistentes-de-la-educacion-auxiliares","status":"publish","type":"page","link":"http:\/\/colegioaugustowinter.cl\/sitio\/?page_id=1280","title":{"rendered":"Asistentes de la educaci\u00f3n Auxiliares"},"content":{"rendered":"\n<div class=\"wp-block-media-text alignwide is-stacked-on-mobile\" style=\"grid-template-columns:15% auto\"><figure class=\"wp-block-media-text__media\"><img fetchpriority=\"high\" decoding=\"async\" width=\"819\" height=\"1024\" src=\"http:\/\/colegioaugustowinter.cl\/sitio\/wp-content\/uploads\/2025\/03\/6-819x1024.png\" alt=\"\" class=\"wp-image-5454 size-full\" srcset=\"http:\/\/colegioaugustowinter.cl\/sitio\/wp-content\/uploads\/2025\/03\/6-819x1024.png 819w, http:\/\/colegioaugustowinter.cl\/sitio\/wp-content\/uploads\/2025\/03\/6-768x960.png 768w, http:\/\/colegioaugustowinter.cl\/sitio\/wp-content\/uploads\/2025\/03\/6-320x400.png 320w, http:\/\/colegioaugustowinter.cl\/sitio\/wp-content\/uploads\/2025\/03\/6-480x600.png 480w, http:\/\/colegioaugustowinter.cl\/sitio\/wp-content\/uploads\/2025\/03\/6-800x1000.png 800w, http:\/\/colegioaugustowinter.cl\/sitio\/wp-content\/uploads\/2025\/03\/6-640x800.png 640w, http:\/\/colegioaugustowinter.cl\/sitio\/wp-content\/uploads\/2025\/03\/6-400x500.png 400w, http:\/\/colegioaugustowinter.cl\/sitio\/wp-content\/uploads\/2025\/03\/6-367x459.png 367w\" sizes=\"(max-width: 819px) 100vw, 819px\" \/><\/figure><div class=\"wp-block-media-text__content\">\n<p class=\"has-large-font-size\"><strong><span style=\"color:#263f8a\" class=\"has-inline-color\">Jesica Acu\u00f1a<\/span><\/strong><\/p>\n\n\n\n<p><strong>Asistente de Aseo<\/strong><\/p>\n\n\n\n<p><\/p>\n<\/div><\/div>\n\n\n\n<div class=\"wp-block-media-text alignwide is-stacked-on-mobile\" style=\"grid-template-columns:15% auto\"><figure class=\"wp-block-media-text__media\"><\/figure><div class=\"wp-block-media-text__content\">\n<p class=\"has-large-font-size\"><strong><span style=\"color:#263f8a\" class=\"has-inline-color\">Jaqueline Pe\u00f1a <\/span><\/strong><\/p>\n\n\n\n<p><strong>Asistente de Aseo<\/strong><\/p>\n\n\n\n<p><\/p>\n<\/div><\/div>\n\n\n\n<div class=\"wp-block-media-text alignwide is-stacked-on-mobile\" style=\"grid-template-columns:15% auto\"><figure class=\"wp-block-media-text__media\"><img decoding=\"async\" width=\"819\" height=\"1024\" src=\"http:\/\/colegioaugustowinter.cl\/sitio\/wp-content\/uploads\/2025\/03\/7-819x1024.png\" alt=\"\" class=\"wp-image-5455 size-full\" srcset=\"http:\/\/colegioaugustowinter.cl\/sitio\/wp-content\/uploads\/2025\/03\/7-819x1024.png 819w, http:\/\/colegioaugustowinter.cl\/sitio\/wp-content\/uploads\/2025\/03\/7-768x960.png 768w, http:\/\/colegioaugustowinter.cl\/sitio\/wp-content\/uploads\/2025\/03\/7-320x400.png 320w, http:\/\/colegioaugustowinter.cl\/sitio\/wp-content\/uploads\/2025\/03\/7-480x600.png 480w, http:\/\/colegioaugustowinter.cl\/sitio\/wp-content\/uploads\/2025\/03\/7-800x1000.png 800w, http:\/\/colegioaugustowinter.cl\/sitio\/wp-content\/uploads\/2025\/03\/7-640x800.png 640w, http:\/\/colegioaugustowinter.cl\/sitio\/wp-content\/uploads\/2025\/03\/7-400x500.png 400w, http:\/\/colegioaugustowinter.cl\/sitio\/wp-content\/uploads\/2025\/03\/7-367x459.png 367w\" sizes=\"(max-width: 819px) 100vw, 819px\" \/><\/figure><div class=\"wp-block-media-text__content\">\n<p class=\"has-large-font-size\"><strong><span style=\"color:#263f8a\" class=\"has-inline-color\">Oriana Z\u00fa\u00f1iga Rivera <\/span><\/strong><\/p>\n\n\n\n<p><strong>Asistente de Aseo<\/strong><\/p>\n\n\n\n<p><\/p>\n<\/div><\/div>\n","protected":false},"excerpt":{"rendered":"<p>Jesica Acu\u00f1a Asistente de Aseo Jaqueline Pe\u00f1a Asistente de Aseo Oriana Z\u00fa\u00f1iga Rivera Asistente de Aseo<\/p>\n","protected":false},"author":1,"featured_media":0,"parent":0,"menu_order":0,"comment_status":"closed","ping_status":"closed","template":"","meta":{"footnotes":""},"class_list":["post-1280","page","type-page","status-publish","hentry"],"_links":{"self":[{"href":"http:\/\/colegioaugustowinter.cl\/sitio\/index.php?rest_route=\/wp\/v2\/pages\/1280","targetHints":{"allow":["GET"]}}],"collection":[{"href":"http:\/\/colegioaugustowinter.cl\/sitio\/index.php?rest_route=\/wp\/v2\/pages"}],"about":[{"href":"http:\/\/colegioaugustowinter.cl\/sitio\/index.php?rest_route=\/wp\/v2\/types\/page"}],"author":[{"embeddable":true,"href":"http:\/\/colegioaugustowinter.cl\/sitio\/index.php?rest_route=\/wp\/v2\/users\/1"}],"replies":[{"embeddable":true,"href":"http:\/\/colegioaugustowinter.cl\/sitio\/index.php?rest_route=%2Fwp%2Fv2%2Fcomments&post=1280"}],"version-history":[{"count":7,"href":"http:\/\/colegioaugustowinter.cl\/sitio\/index.php?rest_route=\/wp\/v2\/pages\/1280\/revisions"}],"predecessor-version":[{"id":5456,"href":"http:\/\/colegioaugustowinter.cl\/sitio\/index.php?rest_route=\/wp\/v2\/pages\/1280\/revisions\/5456"}],"wp:attachment":[{"href":"http:\/\/colegioaugustowinter.cl\/sitio\/index.php?rest_route=%2Fwp%2Fv2%2Fmedia&parent=1280"}],"curies":[{"name":"wp","href":"https:\/\/api.w.org\/{rel}","templated":true}]}}