{"id":1268,"date":"2021-08-01T19:26:18","date_gmt":"2021-08-01T22:26:18","guid":{"rendered":"http:\/\/www.colegioaugustowinter.cl\/sitio\/\/?page_id=1268"},"modified":"2025-06-03T17:00:32","modified_gmt":"2025-06-03T20:00:32","slug":"equipo-pie","status":"publish","type":"page","link":"http:\/\/colegioaugustowinter.cl\/sitio\/?page_id=1268","title":{"rendered":"Equipo PIE"},"content":{"rendered":"\n<div class=\"wp-block-media-text alignwide is-stacked-on-mobile\" style=\"grid-template-columns:15% auto\"><figure class=\"wp-block-media-text__media\"><img fetchpriority=\"high\" decoding=\"async\" width=\"819\" height=\"1024\" src=\"http:\/\/colegioaugustowinter.cl\/sitio\/wp-content\/uploads\/2025\/03\/2-4-819x1024.png\" alt=\"\" class=\"wp-image-5440 size-full\" srcset=\"http:\/\/colegioaugustowinter.cl\/sitio\/wp-content\/uploads\/2025\/03\/2-4-819x1024.png 819w, http:\/\/colegioaugustowinter.cl\/sitio\/wp-content\/uploads\/2025\/03\/2-4-768x960.png 768w, http:\/\/colegioaugustowinter.cl\/sitio\/wp-content\/uploads\/2025\/03\/2-4-320x400.png 320w, http:\/\/colegioaugustowinter.cl\/sitio\/wp-content\/uploads\/2025\/03\/2-4-480x600.png 480w, http:\/\/colegioaugustowinter.cl\/sitio\/wp-content\/uploads\/2025\/03\/2-4-800x1000.png 800w, http:\/\/colegioaugustowinter.cl\/sitio\/wp-content\/uploads\/2025\/03\/2-4-640x800.png 640w, http:\/\/colegioaugustowinter.cl\/sitio\/wp-content\/uploads\/2025\/03\/2-4-400x500.png 400w, http:\/\/colegioaugustowinter.cl\/sitio\/wp-content\/uploads\/2025\/03\/2-4-367x459.png 367w\" sizes=\"(max-width: 819px) 100vw, 819px\" \/><\/figure><div class=\"wp-block-media-text__content\">\n<p class=\"has-large-font-size\"><strong><span style=\"color:#0071a1\" class=\"has-inline-color\">Mario Brizuela <\/span><\/strong><\/p>\n\n\n\n<p>Coordinador del Programa de Integraci\u00f3n Escolar<\/p>\n\n\n\n<p>Educador Diferencial 5\u00b0 y 6\u00b0<\/p>\n\n\n\n<p><a href=\"mailto:mario.brizuela@colegioaugustowinter.cl\">mario.brizuela@colegioaugustowinter.cl<\/a><\/p>\n<\/div><\/div>\n\n\n\n<div class=\"wp-block-media-text alignwide is-stacked-on-mobile\" style=\"grid-template-columns:15% auto\"><figure class=\"wp-block-media-text__media\"><img decoding=\"async\" width=\"819\" height=\"1024\" src=\"http:\/\/colegioaugustowinter.cl\/sitio\/wp-content\/uploads\/2025\/03\/11-819x1024.png\" alt=\"\" class=\"wp-image-5441 size-full\" srcset=\"http:\/\/colegioaugustowinter.cl\/sitio\/wp-content\/uploads\/2025\/03\/11-819x1024.png 819w, http:\/\/colegioaugustowinter.cl\/sitio\/wp-content\/uploads\/2025\/03\/11-768x960.png 768w, http:\/\/colegioaugustowinter.cl\/sitio\/wp-content\/uploads\/2025\/03\/11-320x400.png 320w, http:\/\/colegioaugustowinter.cl\/sitio\/wp-content\/uploads\/2025\/03\/11-480x600.png 480w, http:\/\/colegioaugustowinter.cl\/sitio\/wp-content\/uploads\/2025\/03\/11-800x1000.png 800w, http:\/\/colegioaugustowinter.cl\/sitio\/wp-content\/uploads\/2025\/03\/11-640x800.png 640w, http:\/\/colegioaugustowinter.cl\/sitio\/wp-content\/uploads\/2025\/03\/11-400x500.png 400w, http:\/\/colegioaugustowinter.cl\/sitio\/wp-content\/uploads\/2025\/03\/11-367x459.png 367w\" sizes=\"(max-width: 819px) 100vw, 819px\" \/><\/figure><div class=\"wp-block-media-text__content\">\n<p class=\"has-large-font-size\"><strong><span style=\"color:#0071a1\" class=\"has-inline-color\">Maria Fernanda Soto <\/span><\/strong><\/p>\n\n\n\n<p>Educadora Diferencial: Kinder. 1\u00b0, 2\u00b0, 3\u00b0<\/p>\n\n\n\n<p><a href=\"mailto:mario.brizuela@colegioaugustowinter.cl\">mariafernanda.soto@colegioaugustowinter.cl<\/a><\/p>\n<\/div><\/div>\n\n\n\n<div class=\"wp-block-media-text alignwide is-stacked-on-mobile\" style=\"grid-template-columns:15% auto\"><figure class=\"wp-block-media-text__media\"><img decoding=\"async\" width=\"819\" height=\"1024\" src=\"http:\/\/colegioaugustowinter.cl\/sitio\/wp-content\/uploads\/2025\/04\/Beige-Brown-Animated-Autumn-Harvest-Photo-Collage-Instagram-Reel-1080-x-1350-px-819x1024.png\" alt=\"\" class=\"wp-image-5495 size-full\" srcset=\"http:\/\/colegioaugustowinter.cl\/sitio\/wp-content\/uploads\/2025\/04\/Beige-Brown-Animated-Autumn-Harvest-Photo-Collage-Instagram-Reel-1080-x-1350-px-819x1024.png 819w, http:\/\/colegioaugustowinter.cl\/sitio\/wp-content\/uploads\/2025\/04\/Beige-Brown-Animated-Autumn-Harvest-Photo-Collage-Instagram-Reel-1080-x-1350-px-768x960.png 768w, http:\/\/colegioaugustowinter.cl\/sitio\/wp-content\/uploads\/2025\/04\/Beige-Brown-Animated-Autumn-Harvest-Photo-Collage-Instagram-Reel-1080-x-1350-px-320x400.png 320w, http:\/\/colegioaugustowinter.cl\/sitio\/wp-content\/uploads\/2025\/04\/Beige-Brown-Animated-Autumn-Harvest-Photo-Collage-Instagram-Reel-1080-x-1350-px-480x600.png 480w, http:\/\/colegioaugustowinter.cl\/sitio\/wp-content\/uploads\/2025\/04\/Beige-Brown-Animated-Autumn-Harvest-Photo-Collage-Instagram-Reel-1080-x-1350-px-800x1000.png 800w, http:\/\/colegioaugustowinter.cl\/sitio\/wp-content\/uploads\/2025\/04\/Beige-Brown-Animated-Autumn-Harvest-Photo-Collage-Instagram-Reel-1080-x-1350-px-640x800.png 640w, http:\/\/colegioaugustowinter.cl\/sitio\/wp-content\/uploads\/2025\/04\/Beige-Brown-Animated-Autumn-Harvest-Photo-Collage-Instagram-Reel-1080-x-1350-px-400x500.png 400w, http:\/\/colegioaugustowinter.cl\/sitio\/wp-content\/uploads\/2025\/04\/Beige-Brown-Animated-Autumn-Harvest-Photo-Collage-Instagram-Reel-1080-x-1350-px-367x459.png 367w\" sizes=\"(max-width: 819px) 100vw, 819px\" \/><\/figure><div class=\"wp-block-media-text__content\">\n<p class=\"has-large-font-size\"><strong><span style=\"color:#0071a1\" class=\"has-inline-color\">Doris P\u00e9rez <\/span><\/strong><\/p>\n\n\n\n<p>Educador Diferencial Segundo Ciclo<\/p>\n\n\n\n<p><a href=\"mailto:doris.perez@colegioaugustowinter.cl\">doris.perez@colegioaugustowinter.cl<\/a><\/p>\n<\/div><\/div>\n\n\n\n<div class=\"wp-block-media-text alignwide is-stacked-on-mobile\" style=\"grid-template-columns:15% auto\"><figure class=\"wp-block-media-text__media\"><img loading=\"lazy\" decoding=\"async\" width=\"819\" height=\"1024\" src=\"http:\/\/colegioaugustowinter.cl\/sitio\/wp-content\/uploads\/2025\/06\/2-819x1024.png\" alt=\"\" class=\"wp-image-5504 size-full\" srcset=\"http:\/\/colegioaugustowinter.cl\/sitio\/wp-content\/uploads\/2025\/06\/2-819x1024.png 819w, http:\/\/colegioaugustowinter.cl\/sitio\/wp-content\/uploads\/2025\/06\/2-768x960.png 768w, http:\/\/colegioaugustowinter.cl\/sitio\/wp-content\/uploads\/2025\/06\/2-320x400.png 320w, http:\/\/colegioaugustowinter.cl\/sitio\/wp-content\/uploads\/2025\/06\/2-480x600.png 480w, http:\/\/colegioaugustowinter.cl\/sitio\/wp-content\/uploads\/2025\/06\/2-800x1000.png 800w, http:\/\/colegioaugustowinter.cl\/sitio\/wp-content\/uploads\/2025\/06\/2-640x800.png 640w, http:\/\/colegioaugustowinter.cl\/sitio\/wp-content\/uploads\/2025\/06\/2-400x500.png 400w, http:\/\/colegioaugustowinter.cl\/sitio\/wp-content\/uploads\/2025\/06\/2-367x459.png 367w\" sizes=\"(max-width: 819px) 100vw, 819px\" \/><\/figure><div class=\"wp-block-media-text__content\">\n<p class=\"has-large-font-size\"><strong><span style=\"color:#0071a1\" class=\"has-inline-color\">Jesica Carre\u00f1o<\/span><\/strong><\/p>\n\n\n\n<p>Educador Diferencial: Pre Kinder y NEEP<\/p>\n\n\n\n<p><a href=\"mailto:doris.perez@colegioaugustowinter.cl\">jessica.acuna@colegioaugustowinter.cl<\/a><\/p>\n<\/div><\/div>\n\n\n\n<div class=\"wp-block-media-text alignwide is-stacked-on-mobile\" style=\"grid-template-columns:15% auto\"><figure class=\"wp-block-media-text__media\"><img loading=\"lazy\" decoding=\"async\" width=\"819\" height=\"1024\" src=\"http:\/\/colegioaugustowinter.cl\/sitio\/wp-content\/uploads\/2025\/03\/Beige-Brown-Animated-Autumn-Harvest-Photo-Collage-Instagram-Reel-1080-x-1350-px-819x1024.png\" alt=\"\" class=\"wp-image-5442 size-full\" srcset=\"http:\/\/colegioaugustowinter.cl\/sitio\/wp-content\/uploads\/2025\/03\/Beige-Brown-Animated-Autumn-Harvest-Photo-Collage-Instagram-Reel-1080-x-1350-px-819x1024.png 819w, http:\/\/colegioaugustowinter.cl\/sitio\/wp-content\/uploads\/2025\/03\/Beige-Brown-Animated-Autumn-Harvest-Photo-Collage-Instagram-Reel-1080-x-1350-px-768x960.png 768w, http:\/\/colegioaugustowinter.cl\/sitio\/wp-content\/uploads\/2025\/03\/Beige-Brown-Animated-Autumn-Harvest-Photo-Collage-Instagram-Reel-1080-x-1350-px-320x400.png 320w, http:\/\/colegioaugustowinter.cl\/sitio\/wp-content\/uploads\/2025\/03\/Beige-Brown-Animated-Autumn-Harvest-Photo-Collage-Instagram-Reel-1080-x-1350-px-480x600.png 480w, http:\/\/colegioaugustowinter.cl\/sitio\/wp-content\/uploads\/2025\/03\/Beige-Brown-Animated-Autumn-Harvest-Photo-Collage-Instagram-Reel-1080-x-1350-px-800x1000.png 800w, http:\/\/colegioaugustowinter.cl\/sitio\/wp-content\/uploads\/2025\/03\/Beige-Brown-Animated-Autumn-Harvest-Photo-Collage-Instagram-Reel-1080-x-1350-px-640x800.png 640w, http:\/\/colegioaugustowinter.cl\/sitio\/wp-content\/uploads\/2025\/03\/Beige-Brown-Animated-Autumn-Harvest-Photo-Collage-Instagram-Reel-1080-x-1350-px-400x500.png 400w, http:\/\/colegioaugustowinter.cl\/sitio\/wp-content\/uploads\/2025\/03\/Beige-Brown-Animated-Autumn-Harvest-Photo-Collage-Instagram-Reel-1080-x-1350-px-367x459.png 367w\" sizes=\"(max-width: 819px) 100vw, 819px\" \/><\/figure><div class=\"wp-block-media-text__content\">\n<p class=\"has-large-font-size\"><span style=\"\" class=\"has-inline-color\"><font color=\"#0071a1\"><b>Hern\u00e1n <\/b><\/font><\/span><strong><span style=\"color:#0071a1\" class=\"has-inline-color\">Sanhueza <\/span><\/strong><\/p>\n\n\n\n<p>Fonoaudi\u00f3logo <\/p>\n\n\n\n<p><a href=\"mailto:hernan.sanhueza@colegioaugustowinter.cl\">hernan.sanhueza@colegioaugustowinter.cl<\/a><\/p>\n<\/div><\/div>\n\n\n\n<div class=\"wp-block-media-text alignwide is-stacked-on-mobile\" style=\"grid-template-columns:15% auto\"><figure class=\"wp-block-media-text__media\"><img loading=\"lazy\" decoding=\"async\" width=\"819\" height=\"1024\" src=\"http:\/\/colegioaugustowinter.cl\/sitio\/wp-content\/uploads\/2025\/04\/3-819x1024.png\" alt=\"\" class=\"wp-image-5470 size-full\" srcset=\"http:\/\/colegioaugustowinter.cl\/sitio\/wp-content\/uploads\/2025\/04\/3-819x1024.png 819w, http:\/\/colegioaugustowinter.cl\/sitio\/wp-content\/uploads\/2025\/04\/3-768x960.png 768w, http:\/\/colegioaugustowinter.cl\/sitio\/wp-content\/uploads\/2025\/04\/3-320x400.png 320w, http:\/\/colegioaugustowinter.cl\/sitio\/wp-content\/uploads\/2025\/04\/3-480x600.png 480w, http:\/\/colegioaugustowinter.cl\/sitio\/wp-content\/uploads\/2025\/04\/3-800x1000.png 800w, http:\/\/colegioaugustowinter.cl\/sitio\/wp-content\/uploads\/2025\/04\/3-640x800.png 640w, http:\/\/colegioaugustowinter.cl\/sitio\/wp-content\/uploads\/2025\/04\/3-400x500.png 400w, http:\/\/colegioaugustowinter.cl\/sitio\/wp-content\/uploads\/2025\/04\/3-367x459.png 367w\" sizes=\"(max-width: 819px) 100vw, 819px\" \/><\/figure><div class=\"wp-block-media-text__content\">\n<p class=\"has-large-font-size\"><strong><span style=\"color:#0071a1\" class=\"has-inline-color\">Marta Fern\u00e1ndez <\/span><\/strong><\/p>\n\n\n\n<p>Psic\u00f3loga <\/p>\n\n\n\n<p><a href=\"mailto:marta.fernandez@colegioaugustowinter.cl\">marta.fernandez@colegioaugustowinter.cl<\/a><\/p>\n<\/div><\/div>\n","protected":false},"excerpt":{"rendered":"<p>Mario Brizuela Coordinador del Programa de Integraci\u00f3n Escolar Educador Diferencial 5\u00b0 y 6\u00b0 mario.brizuela@colegioaugustowinter.cl Maria Fernanda Soto Educadora Diferencial: Kinder. 1\u00b0, 2\u00b0, 3\u00b0 mariafernanda.soto@colegioaugustowinter.cl Doris P\u00e9rez Educador Diferencial Segundo Ciclo doris.perez@colegioaugustowinter.cl Jesica Carre\u00f1o Educador Diferencial: Pre Kinder y NEEP jessica.acuna@colegioaugustowinter.cl Hern\u00e1n Sanhueza Fonoaudi\u00f3logo hernan.sanhueza@colegioaugustowinter.cl Marta Fern\u00e1ndez Psic\u00f3loga marta.fernandez@colegioaugustowinter.cl<\/p>\n","protected":false},"author":1,"featured_media":0,"parent":0,"menu_order":0,"comment_status":"closed","ping_status":"closed","template":"","meta":{"footnotes":""},"class_list":["post-1268","page","type-page","status-publish","hentry"],"_links":{"self":[{"href":"http:\/\/colegioaugustowinter.cl\/sitio\/index.php?rest_route=\/wp\/v2\/pages\/1268","targetHints":{"allow":["GET"]}}],"collection":[{"href":"http:\/\/colegioaugustowinter.cl\/sitio\/index.php?rest_route=\/wp\/v2\/pages"}],"about":[{"href":"http:\/\/colegioaugustowinter.cl\/sitio\/index.php?rest_route=\/wp\/v2\/types\/page"}],"author":[{"embeddable":true,"href":"http:\/\/colegioaugustowinter.cl\/sitio\/index.php?rest_route=\/wp\/v2\/users\/1"}],"replies":[{"embeddable":true,"href":"http:\/\/colegioaugustowinter.cl\/sitio\/index.php?rest_route=%2Fwp%2Fv2%2Fcomments&post=1268"}],"version-history":[{"count":16,"href":"http:\/\/colegioaugustowinter.cl\/sitio\/index.php?rest_route=\/wp\/v2\/pages\/1268\/revisions"}],"predecessor-version":[{"id":5507,"href":"http:\/\/colegioaugustowinter.cl\/sitio\/index.php?rest_route=\/wp\/v2\/pages\/1268\/revisions\/5507"}],"wp:attachment":[{"href":"http:\/\/colegioaugustowinter.cl\/sitio\/index.php?rest_route=%2Fwp%2Fv2%2Fmedia&parent=1268"}],"curies":[{"name":"wp","href":"https:\/\/api.w.org\/{rel}","templated":true}]}}