{"id":1262,"date":"2021-08-01T19:23:37","date_gmt":"2021-08-01T22:23:37","guid":{"rendered":"http:\/\/www.colegioaugustowinter.cl\/sitio\/\/?page_id=1262"},"modified":"2025-12-30T10:12:11","modified_gmt":"2025-12-30T13:12:11","slug":"profesores-jefes","status":"publish","type":"page","link":"http:\/\/colegioaugustowinter.cl\/sitio\/?page_id=1262","title":{"rendered":"Profesores Jefes"},"content":{"rendered":"\n<div class=\"wp-block-media-text alignwide is-stacked-on-mobile\" style=\"grid-template-columns:15% auto\"><figure class=\"wp-block-media-text__media\"><img fetchpriority=\"high\" decoding=\"async\" width=\"819\" height=\"1024\" src=\"http:\/\/colegioaugustowinter.cl\/sitio\/wp-content\/uploads\/2025\/12\/Beige-Brown-Animated-Autumn-Harvest-Photo-Collage-Instagram-Reel-1080-x-1350-px-819x1024.png\" alt=\"\" class=\"wp-image-5667 size-full\" srcset=\"http:\/\/colegioaugustowinter.cl\/sitio\/wp-content\/uploads\/2025\/12\/Beige-Brown-Animated-Autumn-Harvest-Photo-Collage-Instagram-Reel-1080-x-1350-px-819x1024.png 819w, http:\/\/colegioaugustowinter.cl\/sitio\/wp-content\/uploads\/2025\/12\/Beige-Brown-Animated-Autumn-Harvest-Photo-Collage-Instagram-Reel-1080-x-1350-px-768x960.png 768w, http:\/\/colegioaugustowinter.cl\/sitio\/wp-content\/uploads\/2025\/12\/Beige-Brown-Animated-Autumn-Harvest-Photo-Collage-Instagram-Reel-1080-x-1350-px-320x400.png 320w, http:\/\/colegioaugustowinter.cl\/sitio\/wp-content\/uploads\/2025\/12\/Beige-Brown-Animated-Autumn-Harvest-Photo-Collage-Instagram-Reel-1080-x-1350-px-480x600.png 480w, http:\/\/colegioaugustowinter.cl\/sitio\/wp-content\/uploads\/2025\/12\/Beige-Brown-Animated-Autumn-Harvest-Photo-Collage-Instagram-Reel-1080-x-1350-px-800x1000.png 800w, http:\/\/colegioaugustowinter.cl\/sitio\/wp-content\/uploads\/2025\/12\/Beige-Brown-Animated-Autumn-Harvest-Photo-Collage-Instagram-Reel-1080-x-1350-px-640x800.png 640w, http:\/\/colegioaugustowinter.cl\/sitio\/wp-content\/uploads\/2025\/12\/Beige-Brown-Animated-Autumn-Harvest-Photo-Collage-Instagram-Reel-1080-x-1350-px-400x500.png 400w, http:\/\/colegioaugustowinter.cl\/sitio\/wp-content\/uploads\/2025\/12\/Beige-Brown-Animated-Autumn-Harvest-Photo-Collage-Instagram-Reel-1080-x-1350-px-367x459.png 367w, http:\/\/colegioaugustowinter.cl\/sitio\/wp-content\/uploads\/2025\/12\/Beige-Brown-Animated-Autumn-Harvest-Photo-Collage-Instagram-Reel-1080-x-1350-px-600x750.png 600w\" sizes=\"(max-width: 819px) 100vw, 819px\" \/><\/figure><div class=\"wp-block-media-text__content\">\n<p class=\"has-large-font-size\"><strong><span style=\"color:#2e5ea0\" class=\"has-inline-color\">Vanessa San Mart\u00edn<\/span><span style=\"color:#3264a9\" class=\"has-inline-color\"> <\/span><\/strong><\/p>\n\n\n\n<p><strong>Profesora Primero B\u00e1sico <\/strong><\/p>\n\n\n\n<p> <a href=\"vanessa.sanmartin@colegioaugustowinter.cl\"><\/a><a href=\"mailto:vanessa.sanmartin@colegioaugustowinter.cl\">vanessa.sanmartin@colegioaugustowinter<\/a><a href=\"mailto:karen.velasquez@colegioaugustowinter.cl\"><\/a>.cl<\/p>\n<\/div><\/div>\n\n\n\n<div class=\"wp-block-media-text alignwide is-stacked-on-mobile\" style=\"grid-template-columns:15% auto\"><figure class=\"wp-block-media-text__media\"><img decoding=\"async\" width=\"819\" height=\"1024\" src=\"http:\/\/colegioaugustowinter.cl\/sitio\/wp-content\/uploads\/2025\/03\/3-819x1024.png\" alt=\"\" class=\"wp-image-5425 size-full\" srcset=\"http:\/\/colegioaugustowinter.cl\/sitio\/wp-content\/uploads\/2025\/03\/3-819x1024.png 819w, http:\/\/colegioaugustowinter.cl\/sitio\/wp-content\/uploads\/2025\/03\/3-768x960.png 768w, http:\/\/colegioaugustowinter.cl\/sitio\/wp-content\/uploads\/2025\/03\/3-320x400.png 320w, http:\/\/colegioaugustowinter.cl\/sitio\/wp-content\/uploads\/2025\/03\/3-480x600.png 480w, http:\/\/colegioaugustowinter.cl\/sitio\/wp-content\/uploads\/2025\/03\/3-800x1000.png 800w, http:\/\/colegioaugustowinter.cl\/sitio\/wp-content\/uploads\/2025\/03\/3-640x800.png 640w, http:\/\/colegioaugustowinter.cl\/sitio\/wp-content\/uploads\/2025\/03\/3-400x500.png 400w, http:\/\/colegioaugustowinter.cl\/sitio\/wp-content\/uploads\/2025\/03\/3-367x459.png 367w\" sizes=\"(max-width: 819px) 100vw, 819px\" \/><\/figure><div class=\"wp-block-media-text__content\">\n<p class=\"has-large-font-size\"><strong>Daniela Torres<\/strong><\/p>\n\n\n\n<p><strong>Profesora Segundo B\u00e1sico <\/strong><\/p>\n\n\n\n<p><a href=\"vanessa.sanmartin@colegioaugustowinter.cl\"><\/a><a href=\"mailto:vanessa.sanmartin@colegioaugustowinter.cl\">Daniela.torres@colegioaugustowinter<\/a><a href=\"mailto:karen.velasquez@colegioaugustowinter.cl\"><\/a>.cl<\/p>\n<\/div><\/div>\n\n\n\n<div class=\"wp-block-media-text alignwide is-stacked-on-mobile\" style=\"grid-template-columns:15% auto\"><figure class=\"wp-block-media-text__media\"><img decoding=\"async\" width=\"819\" height=\"1024\" src=\"http:\/\/colegioaugustowinter.cl\/sitio\/wp-content\/uploads\/2025\/04\/Beige-Brown-Animated-Autumn-Harvest-Photo-Collage-Instagram-Reel-1080-x-1350-px-4-819x1024.png\" alt=\"\" class=\"wp-image-5464 size-full\" srcset=\"http:\/\/colegioaugustowinter.cl\/sitio\/wp-content\/uploads\/2025\/04\/Beige-Brown-Animated-Autumn-Harvest-Photo-Collage-Instagram-Reel-1080-x-1350-px-4-819x1024.png 819w, http:\/\/colegioaugustowinter.cl\/sitio\/wp-content\/uploads\/2025\/04\/Beige-Brown-Animated-Autumn-Harvest-Photo-Collage-Instagram-Reel-1080-x-1350-px-4-768x960.png 768w, http:\/\/colegioaugustowinter.cl\/sitio\/wp-content\/uploads\/2025\/04\/Beige-Brown-Animated-Autumn-Harvest-Photo-Collage-Instagram-Reel-1080-x-1350-px-4-320x400.png 320w, http:\/\/colegioaugustowinter.cl\/sitio\/wp-content\/uploads\/2025\/04\/Beige-Brown-Animated-Autumn-Harvest-Photo-Collage-Instagram-Reel-1080-x-1350-px-4-480x600.png 480w, http:\/\/colegioaugustowinter.cl\/sitio\/wp-content\/uploads\/2025\/04\/Beige-Brown-Animated-Autumn-Harvest-Photo-Collage-Instagram-Reel-1080-x-1350-px-4-800x1000.png 800w, http:\/\/colegioaugustowinter.cl\/sitio\/wp-content\/uploads\/2025\/04\/Beige-Brown-Animated-Autumn-Harvest-Photo-Collage-Instagram-Reel-1080-x-1350-px-4-640x800.png 640w, http:\/\/colegioaugustowinter.cl\/sitio\/wp-content\/uploads\/2025\/04\/Beige-Brown-Animated-Autumn-Harvest-Photo-Collage-Instagram-Reel-1080-x-1350-px-4-400x500.png 400w, http:\/\/colegioaugustowinter.cl\/sitio\/wp-content\/uploads\/2025\/04\/Beige-Brown-Animated-Autumn-Harvest-Photo-Collage-Instagram-Reel-1080-x-1350-px-4-367x459.png 367w\" sizes=\"(max-width: 819px) 100vw, 819px\" \/><\/figure><div class=\"wp-block-media-text__content\">\n<p class=\"has-large-font-size\"><strong><span style=\"color:#2e5ea0\" class=\"has-inline-color\">Pilar D\u00edaz<\/span><\/strong><\/p>\n\n\n\n<p><strong>Profesora Tercero B\u00e1sico <\/strong><\/p>\n\n\n\n<p>pilar.diaz@colegioaugustowinter.cl<\/p>\n<\/div><\/div>\n\n\n\n<div class=\"wp-block-media-text alignwide is-stacked-on-mobile\" style=\"grid-template-columns:15% auto\"><figure class=\"wp-block-media-text__media\"><img loading=\"lazy\" decoding=\"async\" width=\"819\" height=\"1024\" src=\"http:\/\/colegioaugustowinter.cl\/sitio\/wp-content\/uploads\/2025\/03\/16-819x1024.png\" alt=\"\" class=\"wp-image-5428 size-full\" srcset=\"http:\/\/colegioaugustowinter.cl\/sitio\/wp-content\/uploads\/2025\/03\/16-819x1024.png 819w, http:\/\/colegioaugustowinter.cl\/sitio\/wp-content\/uploads\/2025\/03\/16-768x960.png 768w, http:\/\/colegioaugustowinter.cl\/sitio\/wp-content\/uploads\/2025\/03\/16-320x400.png 320w, http:\/\/colegioaugustowinter.cl\/sitio\/wp-content\/uploads\/2025\/03\/16-480x600.png 480w, http:\/\/colegioaugustowinter.cl\/sitio\/wp-content\/uploads\/2025\/03\/16-800x1000.png 800w, http:\/\/colegioaugustowinter.cl\/sitio\/wp-content\/uploads\/2025\/03\/16-640x800.png 640w, http:\/\/colegioaugustowinter.cl\/sitio\/wp-content\/uploads\/2025\/03\/16-400x500.png 400w, http:\/\/colegioaugustowinter.cl\/sitio\/wp-content\/uploads\/2025\/03\/16-367x459.png 367w\" sizes=\"(max-width: 819px) 100vw, 819px\" \/><\/figure><div class=\"wp-block-media-text__content\">\n<p class=\"has-large-font-size\"><strong><strong><strong><span style=\"color:#2e5ea0\" class=\"has-inline-color\">Catherinne Fern\u00e1ndez<\/span><span style=\"color:#3264a9\" class=\"has-inline-color\"> <\/span><\/strong><\/strong><\/strong><\/p>\n\n\n\n<p><strong>Profesora Cuarto B\u00e1sico<\/strong><\/p>\n\n\n\n<p>Catherinne.fernandez<a href=\"mailto:karen.velasquez@colegioaugustowinter.cl\" data-type=\"mailto\" data-id=\"mailto:karen.velasquez@colegioaugustowinter.cl\">@colegioaugustowinter.cl<\/a><\/p>\n<\/div><\/div>\n\n\n\n<div class=\"wp-block-media-text alignwide is-stacked-on-mobile\" style=\"grid-template-columns:15% auto\"><figure class=\"wp-block-media-text__media\"><img loading=\"lazy\" decoding=\"async\" width=\"819\" height=\"1024\" src=\"http:\/\/colegioaugustowinter.cl\/sitio\/wp-content\/uploads\/2025\/03\/15-819x1024.png\" alt=\"\" class=\"wp-image-5429 size-full\" srcset=\"http:\/\/colegioaugustowinter.cl\/sitio\/wp-content\/uploads\/2025\/03\/15-819x1024.png 819w, http:\/\/colegioaugustowinter.cl\/sitio\/wp-content\/uploads\/2025\/03\/15-768x960.png 768w, http:\/\/colegioaugustowinter.cl\/sitio\/wp-content\/uploads\/2025\/03\/15-320x400.png 320w, http:\/\/colegioaugustowinter.cl\/sitio\/wp-content\/uploads\/2025\/03\/15-480x600.png 480w, http:\/\/colegioaugustowinter.cl\/sitio\/wp-content\/uploads\/2025\/03\/15-800x1000.png 800w, http:\/\/colegioaugustowinter.cl\/sitio\/wp-content\/uploads\/2025\/03\/15-640x800.png 640w, http:\/\/colegioaugustowinter.cl\/sitio\/wp-content\/uploads\/2025\/03\/15-400x500.png 400w, http:\/\/colegioaugustowinter.cl\/sitio\/wp-content\/uploads\/2025\/03\/15-367x459.png 367w\" sizes=\"(max-width: 819px) 100vw, 819px\" \/><\/figure><div class=\"wp-block-media-text__content\">\n<p class=\"has-large-font-size\"><strong><span class=\"has-inline-color\"><font color=\"#2e5ea0\">Ana Mar\u00eda Siso<\/font><\/span><\/strong><\/p>\n\n\n\n<p><strong>Profesora Sexto B\u00e1sico <\/strong><\/p>\n\n\n\n<p>Anamaria.siso@colegioaugustowinter.cl<\/p>\n<\/div><\/div>\n\n\n\n<div class=\"wp-block-media-text alignwide is-stacked-on-mobile\" style=\"grid-template-columns:15% auto\"><figure class=\"wp-block-media-text__media\"><img loading=\"lazy\" decoding=\"async\" width=\"819\" height=\"1024\" src=\"http:\/\/colegioaugustowinter.cl\/sitio\/wp-content\/uploads\/2025\/03\/13-819x1024.png\" alt=\"\" class=\"wp-image-5431 size-full\" srcset=\"http:\/\/colegioaugustowinter.cl\/sitio\/wp-content\/uploads\/2025\/03\/13-819x1024.png 819w, http:\/\/colegioaugustowinter.cl\/sitio\/wp-content\/uploads\/2025\/03\/13-768x960.png 768w, http:\/\/colegioaugustowinter.cl\/sitio\/wp-content\/uploads\/2025\/03\/13-320x400.png 320w, http:\/\/colegioaugustowinter.cl\/sitio\/wp-content\/uploads\/2025\/03\/13-480x600.png 480w, http:\/\/colegioaugustowinter.cl\/sitio\/wp-content\/uploads\/2025\/03\/13-800x1000.png 800w, http:\/\/colegioaugustowinter.cl\/sitio\/wp-content\/uploads\/2025\/03\/13-640x800.png 640w, http:\/\/colegioaugustowinter.cl\/sitio\/wp-content\/uploads\/2025\/03\/13-400x500.png 400w, http:\/\/colegioaugustowinter.cl\/sitio\/wp-content\/uploads\/2025\/03\/13-367x459.png 367w\" sizes=\"(max-width: 819px) 100vw, 819px\" \/><\/figure><div class=\"wp-block-media-text__content\">\n<p class=\"has-large-font-size\"><strong><span style=\"color:#2e5ea0\" class=\"has-inline-color\">Alejandra Riquelme <\/span><\/strong><\/p>\n\n\n\n<p><strong>Profesora S\u00e9ptimo B\u00e1sico<\/strong><\/p>\n\n\n\n<p><a href=\"malito: alejandra.riquelme@colegioaugustowinter.cl\">alejandra.riquelme@colegioaugustowinter.cl <\/a><\/p>\n<\/div><\/div>\n\n\n\n<div class=\"wp-block-media-text alignwide is-stacked-on-mobile\" style=\"grid-template-columns:15% auto\"><figure class=\"wp-block-media-text__media\"><img loading=\"lazy\" decoding=\"async\" width=\"819\" height=\"1024\" src=\"http:\/\/colegioaugustowinter.cl\/sitio\/wp-content\/uploads\/2025\/03\/1-819x1024.png\" alt=\"\" class=\"wp-image-5409 size-full\" srcset=\"http:\/\/colegioaugustowinter.cl\/sitio\/wp-content\/uploads\/2025\/03\/1-819x1024.png 819w, http:\/\/colegioaugustowinter.cl\/sitio\/wp-content\/uploads\/2025\/03\/1-768x960.png 768w, http:\/\/colegioaugustowinter.cl\/sitio\/wp-content\/uploads\/2025\/03\/1-320x400.png 320w, http:\/\/colegioaugustowinter.cl\/sitio\/wp-content\/uploads\/2025\/03\/1-480x600.png 480w, http:\/\/colegioaugustowinter.cl\/sitio\/wp-content\/uploads\/2025\/03\/1-800x1000.png 800w, http:\/\/colegioaugustowinter.cl\/sitio\/wp-content\/uploads\/2025\/03\/1-640x800.png 640w, http:\/\/colegioaugustowinter.cl\/sitio\/wp-content\/uploads\/2025\/03\/1-400x500.png 400w, http:\/\/colegioaugustowinter.cl\/sitio\/wp-content\/uploads\/2025\/03\/1-367x459.png 367w\" sizes=\"(max-width: 819px) 100vw, 819px\" \/><\/figure><div class=\"wp-block-media-text__content\">\n<p class=\"has-large-font-size\"><strong><span style=\"color:#2e5ea0\" class=\"has-inline-color\"> Karina Jara <\/span><\/strong><\/p>\n\n\n\n<p><strong>Profesora Octavo B\u00e1sico<\/strong><\/p>\n\n\n\n<p><a href=\"mailto:Karina.jara@colegioaugustowinter.cl\">Karina.jara@colegioaugustowinter.cl<\/a><\/p>\n<\/div><\/div>\n\n\n\n<p><\/p>\n","protected":false},"excerpt":{"rendered":"<p>Vanessa San Mart\u00edn Profesora Primero B\u00e1sico vanessa.sanmartin@colegioaugustowinter.cl Daniela Torres Profesora Segundo B\u00e1sico Daniela.torres@colegioaugustowinter.cl Pilar D\u00edaz Profesora Tercero B\u00e1sico pilar.diaz@colegioaugustowinter.cl Catherinne Fern\u00e1ndez Profesora Cuarto B\u00e1sico Catherinne.fernandez@colegioaugustowinter.cl Ana Mar\u00eda Siso Profesora Sexto B\u00e1sico Anamaria.siso@colegioaugustowinter.cl Alejandra Riquelme Profesora S\u00e9ptimo B\u00e1sico alejandra.riquelme@colegioaugustowinter.cl Karina Jara Profesora Octavo B\u00e1sico Karina.jara@colegioaugustowinter.cl<\/p>\n","protected":false},"author":1,"featured_media":0,"parent":0,"menu_order":0,"comment_status":"closed","ping_status":"closed","template":"","meta":{"footnotes":""},"class_list":["post-1262","page","type-page","status-publish","hentry"],"_links":{"self":[{"href":"http:\/\/colegioaugustowinter.cl\/sitio\/index.php?rest_route=\/wp\/v2\/pages\/1262","targetHints":{"allow":["GET"]}}],"collection":[{"href":"http:\/\/colegioaugustowinter.cl\/sitio\/index.php?rest_route=\/wp\/v2\/pages"}],"about":[{"href":"http:\/\/colegioaugustowinter.cl\/sitio\/index.php?rest_route=\/wp\/v2\/types\/page"}],"author":[{"embeddable":true,"href":"http:\/\/colegioaugustowinter.cl\/sitio\/index.php?rest_route=\/wp\/v2\/users\/1"}],"replies":[{"embeddable":true,"href":"http:\/\/colegioaugustowinter.cl\/sitio\/index.php?rest_route=%2Fwp%2Fv2%2Fcomments&post=1262"}],"version-history":[{"count":34,"href":"http:\/\/colegioaugustowinter.cl\/sitio\/index.php?rest_route=\/wp\/v2\/pages\/1262\/revisions"}],"predecessor-version":[{"id":5668,"href":"http:\/\/colegioaugustowinter.cl\/sitio\/index.php?rest_route=\/wp\/v2\/pages\/1262\/revisions\/5668"}],"wp:attachment":[{"href":"http:\/\/colegioaugustowinter.cl\/sitio\/index.php?rest_route=%2Fwp%2Fv2%2Fmedia&parent=1262"}],"curies":[{"name":"wp","href":"https:\/\/api.w.org\/{rel}","templated":true}]}}