{"id":1257,"date":"2021-08-01T19:22:31","date_gmt":"2021-08-01T22:22:31","guid":{"rendered":"http:\/\/www.colegioaugustowinter.cl\/sitio\/\/?page_id=1257"},"modified":"2025-06-05T11:17:08","modified_gmt":"2025-06-05T14:17:08","slug":"equipo-directivo","status":"publish","type":"page","link":"http:\/\/colegioaugustowinter.cl\/sitio\/?page_id=1257","title":{"rendered":"Equipo Directivo"},"content":{"rendered":"\n<div class=\"wp-block-media-text alignwide is-stacked-on-mobile is-image-fill-element\" style=\"grid-template-columns:22% auto\"><figure class=\"wp-block-media-text__media\"><img fetchpriority=\"high\" decoding=\"async\" width=\"819\" height=\"1024\" src=\"http:\/\/colegioaugustowinter.cl\/sitio\/wp-content\/uploads\/2025\/04\/Beige-Brown-Animated-Autumn-Harvest-Photo-Collage-Instagram-Reel-1080-x-1350-px-3-819x1024.png\" alt=\"\" class=\"wp-image-5462 size-full\" style=\"object-position:50% 50%\" srcset=\"http:\/\/colegioaugustowinter.cl\/sitio\/wp-content\/uploads\/2025\/04\/Beige-Brown-Animated-Autumn-Harvest-Photo-Collage-Instagram-Reel-1080-x-1350-px-3-819x1024.png 819w, http:\/\/colegioaugustowinter.cl\/sitio\/wp-content\/uploads\/2025\/04\/Beige-Brown-Animated-Autumn-Harvest-Photo-Collage-Instagram-Reel-1080-x-1350-px-3-768x960.png 768w, http:\/\/colegioaugustowinter.cl\/sitio\/wp-content\/uploads\/2025\/04\/Beige-Brown-Animated-Autumn-Harvest-Photo-Collage-Instagram-Reel-1080-x-1350-px-3-320x400.png 320w, http:\/\/colegioaugustowinter.cl\/sitio\/wp-content\/uploads\/2025\/04\/Beige-Brown-Animated-Autumn-Harvest-Photo-Collage-Instagram-Reel-1080-x-1350-px-3-480x600.png 480w, http:\/\/colegioaugustowinter.cl\/sitio\/wp-content\/uploads\/2025\/04\/Beige-Brown-Animated-Autumn-Harvest-Photo-Collage-Instagram-Reel-1080-x-1350-px-3-800x1000.png 800w, http:\/\/colegioaugustowinter.cl\/sitio\/wp-content\/uploads\/2025\/04\/Beige-Brown-Animated-Autumn-Harvest-Photo-Collage-Instagram-Reel-1080-x-1350-px-3-640x800.png 640w, http:\/\/colegioaugustowinter.cl\/sitio\/wp-content\/uploads\/2025\/04\/Beige-Brown-Animated-Autumn-Harvest-Photo-Collage-Instagram-Reel-1080-x-1350-px-3-400x500.png 400w, http:\/\/colegioaugustowinter.cl\/sitio\/wp-content\/uploads\/2025\/04\/Beige-Brown-Animated-Autumn-Harvest-Photo-Collage-Instagram-Reel-1080-x-1350-px-3-367x459.png 367w\" sizes=\"(max-width: 819px) 100vw, 819px\" \/><\/figure><div class=\"wp-block-media-text__content\">\n<p class=\"has-quaternary-color has-text-color has-large-font-size\"><strong> Jos\u00e9 Luis Velasco <\/strong><\/p>\n\n\n\n<p class=\"has-medium-font-size\"><strong>Presidente de la Fundaci\u00f3n Educacional Pueblo Nuevo<\/strong><\/p>\n\n\n\n<p><a href=\"mailto:joseluis.velasco@colegioaugustowinter.cl\">joseluis.velasco@colegioaugustowinter.cl<\/a><\/p>\n<\/div><\/div>\n\n\n\n<div class=\"wp-block-media-text alignwide is-stacked-on-mobile is-image-fill-element\" style=\"grid-template-columns:22% auto\"><figure class=\"wp-block-media-text__media\"><img decoding=\"async\" width=\"819\" height=\"1024\" src=\"http:\/\/colegioaugustowinter.cl\/sitio\/wp-content\/uploads\/2025\/03\/18-819x1024.png\" alt=\"\" class=\"wp-image-5423 size-full\" style=\"object-position:50% 50%\" srcset=\"http:\/\/colegioaugustowinter.cl\/sitio\/wp-content\/uploads\/2025\/03\/18-819x1024.png 819w, http:\/\/colegioaugustowinter.cl\/sitio\/wp-content\/uploads\/2025\/03\/18-768x960.png 768w, http:\/\/colegioaugustowinter.cl\/sitio\/wp-content\/uploads\/2025\/03\/18-320x400.png 320w, http:\/\/colegioaugustowinter.cl\/sitio\/wp-content\/uploads\/2025\/03\/18-480x600.png 480w, http:\/\/colegioaugustowinter.cl\/sitio\/wp-content\/uploads\/2025\/03\/18-800x1000.png 800w, http:\/\/colegioaugustowinter.cl\/sitio\/wp-content\/uploads\/2025\/03\/18-640x800.png 640w, http:\/\/colegioaugustowinter.cl\/sitio\/wp-content\/uploads\/2025\/03\/18-400x500.png 400w, http:\/\/colegioaugustowinter.cl\/sitio\/wp-content\/uploads\/2025\/03\/18-367x459.png 367w\" sizes=\"(max-width: 819px) 100vw, 819px\" \/><\/figure><div class=\"wp-block-media-text__content\">\n<p class=\"has-quaternary-color has-text-color has-large-font-size\"><strong>Gonzalo Rojas<\/strong><\/p>\n\n\n\n<p class=\"has-medium-font-size\"><strong>Director<\/strong><\/p>\n\n\n\n<p><a href=\"mailto:gonzalo.rojas@colegioaugustowinter.cl\">gonzalo.rojas@colegioaugustowinter.cl<\/a><\/p>\n<\/div><\/div>\n\n\n\n<div class=\"wp-block-media-text alignwide is-stacked-on-mobile\" style=\"grid-template-columns:22% auto\"><figure class=\"wp-block-media-text__media\"><img decoding=\"async\" width=\"819\" height=\"1024\" src=\"http:\/\/colegioaugustowinter.cl\/sitio\/wp-content\/uploads\/2025\/03\/2-819x1024.png\" alt=\"\" class=\"wp-image-5404 size-full\" srcset=\"http:\/\/colegioaugustowinter.cl\/sitio\/wp-content\/uploads\/2025\/03\/2-819x1024.png 819w, http:\/\/colegioaugustowinter.cl\/sitio\/wp-content\/uploads\/2025\/03\/2-768x960.png 768w, http:\/\/colegioaugustowinter.cl\/sitio\/wp-content\/uploads\/2025\/03\/2-320x400.png 320w, http:\/\/colegioaugustowinter.cl\/sitio\/wp-content\/uploads\/2025\/03\/2-480x600.png 480w, http:\/\/colegioaugustowinter.cl\/sitio\/wp-content\/uploads\/2025\/03\/2-800x1000.png 800w, http:\/\/colegioaugustowinter.cl\/sitio\/wp-content\/uploads\/2025\/03\/2-640x800.png 640w, http:\/\/colegioaugustowinter.cl\/sitio\/wp-content\/uploads\/2025\/03\/2-400x500.png 400w, http:\/\/colegioaugustowinter.cl\/sitio\/wp-content\/uploads\/2025\/03\/2-367x459.png 367w\" sizes=\"(max-width: 819px) 100vw, 819px\" \/><\/figure><div class=\"wp-block-media-text__content\">\n<p class=\"has-quaternary-color has-text-color has-large-font-size\"><strong>Ana Mar\u00eda Carvallo<\/strong><\/p>\n\n\n\n<p class=\"has-medium-font-size\"><strong><span style=\"color:#131415\" class=\"has-inline-color\">Subdirecci\u00f3n (Coordinadora de Educaci\u00f3n Parvular\u00eda)<\/span><\/strong><\/p>\n\n\n\n<p class=\"has-normal-font-size\"><a href=\"mailto:anamaria.carvallo@colegioaugustowinter.cl\" target=\"_blank\" rel=\"noreferrer noopener\">anamaria.carvallo@colegioaugustowinter.cl<\/a><\/p>\n<\/div><\/div>\n\n\n\n<div class=\"wp-block-media-text alignwide is-stacked-on-mobile\" style=\"grid-template-columns:22% auto\"><figure class=\"wp-block-media-text__media\"><img loading=\"lazy\" decoding=\"async\" width=\"819\" height=\"1024\" src=\"http:\/\/colegioaugustowinter.cl\/sitio\/wp-content\/uploads\/2025\/06\/2-3-819x1024.png\" alt=\"\" class=\"wp-image-5547 size-full\" srcset=\"http:\/\/colegioaugustowinter.cl\/sitio\/wp-content\/uploads\/2025\/06\/2-3-819x1024.png 819w, http:\/\/colegioaugustowinter.cl\/sitio\/wp-content\/uploads\/2025\/06\/2-3-768x960.png 768w, http:\/\/colegioaugustowinter.cl\/sitio\/wp-content\/uploads\/2025\/06\/2-3-320x400.png 320w, http:\/\/colegioaugustowinter.cl\/sitio\/wp-content\/uploads\/2025\/06\/2-3-480x600.png 480w, http:\/\/colegioaugustowinter.cl\/sitio\/wp-content\/uploads\/2025\/06\/2-3-800x1000.png 800w, http:\/\/colegioaugustowinter.cl\/sitio\/wp-content\/uploads\/2025\/06\/2-3-640x800.png 640w, http:\/\/colegioaugustowinter.cl\/sitio\/wp-content\/uploads\/2025\/06\/2-3-400x500.png 400w, http:\/\/colegioaugustowinter.cl\/sitio\/wp-content\/uploads\/2025\/06\/2-3-367x459.png 367w\" sizes=\"(max-width: 819px) 100vw, 819px\" \/><\/figure><div class=\"wp-block-media-text__content\">\n<p class=\"has-quaternary-color has-text-color has-large-font-size\"><strong>Patricia Rojas<\/strong><\/p>\n\n\n\n<p class=\"has-medium-font-size\"><strong>Coordinadora Pedag\u00f3gica<\/strong><\/p>\n\n\n\n<p class=\"has-normal-font-size\"><a href=\"mailto:patricia.rojas@colegioaugustowinter.cl\">patricia.rojas@colegioaugustowinter.cl<\/a><\/p>\n<\/div><\/div>\n\n\n\n<div class=\"wp-block-media-text alignwide is-stacked-on-mobile\" style=\"grid-template-columns:22% auto\"><figure class=\"wp-block-media-text__media\"><img loading=\"lazy\" decoding=\"async\" width=\"819\" height=\"1024\" src=\"http:\/\/colegioaugustowinter.cl\/sitio\/wp-content\/uploads\/2025\/03\/2-1-819x1024.png\" alt=\"\" class=\"wp-image-5405 size-full\" srcset=\"http:\/\/colegioaugustowinter.cl\/sitio\/wp-content\/uploads\/2025\/03\/2-1-819x1024.png 819w, http:\/\/colegioaugustowinter.cl\/sitio\/wp-content\/uploads\/2025\/03\/2-1-768x960.png 768w, http:\/\/colegioaugustowinter.cl\/sitio\/wp-content\/uploads\/2025\/03\/2-1-320x400.png 320w, http:\/\/colegioaugustowinter.cl\/sitio\/wp-content\/uploads\/2025\/03\/2-1-480x600.png 480w, http:\/\/colegioaugustowinter.cl\/sitio\/wp-content\/uploads\/2025\/03\/2-1-800x1000.png 800w, http:\/\/colegioaugustowinter.cl\/sitio\/wp-content\/uploads\/2025\/03\/2-1-640x800.png 640w, http:\/\/colegioaugustowinter.cl\/sitio\/wp-content\/uploads\/2025\/03\/2-1-400x500.png 400w, http:\/\/colegioaugustowinter.cl\/sitio\/wp-content\/uploads\/2025\/03\/2-1-367x459.png 367w\" sizes=\"(max-width: 819px) 100vw, 819px\" \/><\/figure><div class=\"wp-block-media-text__content\">\n<p class=\"has-quaternary-color has-text-color has-large-font-size\"><strong>Arlene Gajardo<\/strong><\/p>\n\n\n\n<p class=\"has-medium-font-size\"><strong>Coordinadora de Convivencia Escolar<\/strong><\/p>\n\n\n\n<p class=\"has-normal-font-size\"><a href=\"mailto:patricia.rojas@colegioaugustowinter.cl\">arlene.gajardo@colegioaugustowinter.cl<\/a><\/p>\n<\/div><\/div>\n\n\n\n<div class=\"wp-block-media-text alignwide is-stacked-on-mobile\" style=\"grid-template-columns:22% auto\"><figure class=\"wp-block-media-text__media\"><img loading=\"lazy\" decoding=\"async\" width=\"819\" height=\"1024\" src=\"http:\/\/colegioaugustowinter.cl\/sitio\/wp-content\/uploads\/2025\/03\/2-3-819x1024.png\" alt=\"\" class=\"wp-image-5422 size-full\" srcset=\"http:\/\/colegioaugustowinter.cl\/sitio\/wp-content\/uploads\/2025\/03\/2-3-819x1024.png 819w, http:\/\/colegioaugustowinter.cl\/sitio\/wp-content\/uploads\/2025\/03\/2-3-768x960.png 768w, http:\/\/colegioaugustowinter.cl\/sitio\/wp-content\/uploads\/2025\/03\/2-3-320x400.png 320w, http:\/\/colegioaugustowinter.cl\/sitio\/wp-content\/uploads\/2025\/03\/2-3-480x600.png 480w, http:\/\/colegioaugustowinter.cl\/sitio\/wp-content\/uploads\/2025\/03\/2-3-800x1000.png 800w, http:\/\/colegioaugustowinter.cl\/sitio\/wp-content\/uploads\/2025\/03\/2-3-640x800.png 640w, http:\/\/colegioaugustowinter.cl\/sitio\/wp-content\/uploads\/2025\/03\/2-3-400x500.png 400w, http:\/\/colegioaugustowinter.cl\/sitio\/wp-content\/uploads\/2025\/03\/2-3-367x459.png 367w\" sizes=\"(max-width: 819px) 100vw, 819px\" \/><\/figure><div class=\"wp-block-media-text__content\">\n<p class=\"has-quaternary-color has-text-color has-large-font-size\"><strong>Mario Brizuela<\/strong><\/p>\n\n\n\n<p class=\"has-medium-font-size\"><strong>Coordinadora de Programa de integraci\u00f3n Escolar<\/strong><\/p>\n\n\n\n<p class=\"has-normal-font-size\"><a href=\"mailto:patricia.rojas@colegioaugustowinter.cl\">Mario.brizuela@colegioaugustowinter.cl<\/a><\/p>\n<\/div><\/div>\n\n\n\n<p><\/p>\n","protected":false},"excerpt":{"rendered":"<p>Jos\u00e9 Luis Velasco Presidente de la Fundaci\u00f3n Educacional Pueblo Nuevo joseluis.velasco@colegioaugustowinter.cl Gonzalo Rojas Director gonzalo.rojas@colegioaugustowinter.cl Ana Mar\u00eda Carvallo Subdirecci\u00f3n (Coordinadora de Educaci\u00f3n Parvular\u00eda) anamaria.carvallo@colegioaugustowinter.cl Patricia Rojas Coordinadora Pedag\u00f3gica patricia.rojas@colegioaugustowinter.cl Arlene Gajardo Coordinadora de Convivencia Escolar arlene.gajardo@colegioaugustowinter.cl Mario Brizuela Coordinadora de Programa de integraci\u00f3n Escolar Mario.brizuela@colegioaugustowinter.cl<\/p>\n","protected":false},"author":1,"featured_media":0,"parent":0,"menu_order":0,"comment_status":"closed","ping_status":"closed","template":"","meta":{"footnotes":""},"class_list":["post-1257","page","type-page","status-publish","hentry"],"_links":{"self":[{"href":"http:\/\/colegioaugustowinter.cl\/sitio\/index.php?rest_route=\/wp\/v2\/pages\/1257","targetHints":{"allow":["GET"]}}],"collection":[{"href":"http:\/\/colegioaugustowinter.cl\/sitio\/index.php?rest_route=\/wp\/v2\/pages"}],"about":[{"href":"http:\/\/colegioaugustowinter.cl\/sitio\/index.php?rest_route=\/wp\/v2\/types\/page"}],"author":[{"embeddable":true,"href":"http:\/\/colegioaugustowinter.cl\/sitio\/index.php?rest_route=\/wp\/v2\/users\/1"}],"replies":[{"embeddable":true,"href":"http:\/\/colegioaugustowinter.cl\/sitio\/index.php?rest_route=%2Fwp%2Fv2%2Fcomments&post=1257"}],"version-history":[{"count":18,"href":"http:\/\/colegioaugustowinter.cl\/sitio\/index.php?rest_route=\/wp\/v2\/pages\/1257\/revisions"}],"predecessor-version":[{"id":5548,"href":"http:\/\/colegioaugustowinter.cl\/sitio\/index.php?rest_route=\/wp\/v2\/pages\/1257\/revisions\/5548"}],"wp:attachment":[{"href":"http:\/\/colegioaugustowinter.cl\/sitio\/index.php?rest_route=%2Fwp%2Fv2%2Fmedia&parent=1257"}],"curies":[{"name":"wp","href":"https:\/\/api.w.org\/{rel}","templated":true}]}}