{"id":1253,"date":"2021-08-01T19:21:28","date_gmt":"2021-08-01T22:21:28","guid":{"rendered":"http:\/\/www.colegioaugustowinter.cl\/sitio\/\/?page_id=1253"},"modified":"2021-08-12T10:14:31","modified_gmt":"2021-08-12T13:14:31","slug":"historia-del-colegio","status":"publish","type":"page","link":"http:\/\/colegioaugustowinter.cl\/sitio\/?page_id=1253","title":{"rendered":"Historia del Colegio"},"content":{"rendered":"\n<p class=\"has-text-align-left\">Ubicado al final de Cacique Cheuquellan en el sector de Pueblo Nuevo en Temuco, el Colegio Augusto Winter fue creado en 12982 como un plantel particular subvencionado, para ofrecer a las familias de la capital regional, un servicio de calidad con los m\u00e1s altos est\u00e1ndares nacionales.<\/p>\n\n\n\n<p>Por problemas financieros sali\u00f3 a remate a fines de a\u00f1o 2007 y fue adquirido por el profesor y sostenedor Jos\u00e9 Luis Velasco Guzm\u00e1n, inici\u00e1ndose una nueva etapa de desarrollo del Colegio. Se conforma as\u00ed un equipo de destacados docentes, que han llevado a los m\u00e1s altos est\u00e1ndares educativos a la instituci\u00f3n, y formaci\u00f3n de alumnos que se destacan posteriormente por su buen desempe\u00f1o en diversos establecimientos de ense\u00f1anza media de todo el pa\u00eds.<\/p>\n\n\n\n<p>En el a\u00f1o 2018 el establecimiento paso a constituirse en la Fundaci\u00f3n Educacional Pueblo Nuevo, manteniendo y mejorando su proyecto educativo con las innovaciones tecnol\u00f3gicas, metodolog\u00edas y preparaci\u00f3n de sus docentes, que permiten la proyecci\u00f3n al futuro de alumnos y alumnas, quienes ser\u00e1n los pilares de nuestra sociedad<\/p>\n\n\n\n<p>Su matr\u00edcula actual llega a los 400 alumnos quienes se distribuyen en diversas jornadas en las instalaciones de primer nivel, que contemplan c\u00f3modas aulas, gimnasio, comedores, sala de computaci\u00f3n y otras dependencias que favorecen los aprendizajes.<\/p>\n\n\n\n<figure class=\"wp-block-image size-full is-resized\"><img fetchpriority=\"high\" decoding=\"async\" src=\"http:\/\/colegioaugustowinter.cl\/sitio\/wp-content\/uploads\/2021\/08\/winterportada-1.jpg\" alt=\"Fachada\" class=\"wp-image-1994\" width=\"1231\" height=\"923\" srcset=\"http:\/\/colegioaugustowinter.cl\/sitio\/wp-content\/uploads\/2021\/08\/winterportada-1.jpg 512w, http:\/\/colegioaugustowinter.cl\/sitio\/wp-content\/uploads\/2021\/08\/winterportada-1-463x348.jpg 463w, http:\/\/colegioaugustowinter.cl\/sitio\/wp-content\/uploads\/2021\/08\/winterportada-1-400x300.jpg 400w, http:\/\/colegioaugustowinter.cl\/sitio\/wp-content\/uploads\/2021\/08\/winterportada-1-367x275.jpg 367w\" sizes=\"(max-width: 1231px) 100vw, 1231px\" \/><\/figure>\n","protected":false},"excerpt":{"rendered":"<p>Ubicado al final de Cacique Cheuquellan en el sector de Pueblo Nuevo en Temuco, el Colegio Augusto Winter fue creado en 12982 como un plantel particular subvencionado, para ofrecer a las familias de la capital regional, un servicio de calidad con los m\u00e1s altos est\u00e1ndares nacionales. Por problemas financieros sali\u00f3 a remate a fines de [&hellip;]<\/p>\n","protected":false},"author":1,"featured_media":0,"parent":0,"menu_order":0,"comment_status":"closed","ping_status":"closed","template":"","meta":{"footnotes":""},"class_list":["post-1253","page","type-page","status-publish","hentry"],"_links":{"self":[{"href":"http:\/\/colegioaugustowinter.cl\/sitio\/index.php?rest_route=\/wp\/v2\/pages\/1253","targetHints":{"allow":["GET"]}}],"collection":[{"href":"http:\/\/colegioaugustowinter.cl\/sitio\/index.php?rest_route=\/wp\/v2\/pages"}],"about":[{"href":"http:\/\/colegioaugustowinter.cl\/sitio\/index.php?rest_route=\/wp\/v2\/types\/page"}],"author":[{"embeddable":true,"href":"http:\/\/colegioaugustowinter.cl\/sitio\/index.php?rest_route=\/wp\/v2\/users\/1"}],"replies":[{"embeddable":true,"href":"http:\/\/colegioaugustowinter.cl\/sitio\/index.php?rest_route=%2Fwp%2Fv2%2Fcomments&post=1253"}],"version-history":[{"count":3,"href":"http:\/\/colegioaugustowinter.cl\/sitio\/index.php?rest_route=\/wp\/v2\/pages\/1253\/revisions"}],"predecessor-version":[{"id":2275,"href":"http:\/\/colegioaugustowinter.cl\/sitio\/index.php?rest_route=\/wp\/v2\/pages\/1253\/revisions\/2275"}],"wp:attachment":[{"href":"http:\/\/colegioaugustowinter.cl\/sitio\/index.php?rest_route=%2Fwp%2Fv2%2Fmedia&parent=1253"}],"curies":[{"name":"wp","href":"https:\/\/api.w.org\/{rel}","templated":true}]}}