{"id":1245,"date":"2021-08-01T19:19:22","date_gmt":"2021-08-01T22:19:22","guid":{"rendered":"http:\/\/www.colegioaugustowinter.cl\/sitio\/\/?page_id=1245"},"modified":"2025-12-29T14:45:08","modified_gmt":"2025-12-29T17:45:08","slug":"cuenta-publica","status":"publish","type":"page","link":"http:\/\/colegioaugustowinter.cl\/sitio\/?page_id=1245","title":{"rendered":"Cuenta P\u00fablica 2024"},"content":{"rendered":"\n<p><\/p>\n\n\n\n<p>El Colegio Augusto Winter pertenece a la Fundaci\u00f3n Educacional Pueblo Nuevo, organizaci\u00f3n sin fines de lucro que fue fundada el 19 de junio de 2017 por Jos\u00e9 Luis Velasco Guzm\u00e1n, para hacerse cargo de la Administraci\u00f3n del establecimiento, seg\u00fan lo dispuso la Ley No20.845\/2015 de Inclusi\u00f3n Escolar, por Resoluci\u00f3n Exenta del Ministerio de Educaci\u00f3n No497, del 13 de abril de 2018.<\/p>\n\n\n\n<p>La cuenta p\u00fablica es un ejercicio fundamental en la transparencia y rendici\u00f3n de cuentas de cualquier instituci\u00f3n u organizaci\u00f3n. A trav\u00e9s de este informe detallado, se presentan de manera clara y accesible los resultados de la gesti\u00f3n, el uso de recursos y los logros alcanzados durante un per\u00edodo determinado.<\/p>\n\n\n\n<p>Este documento no s\u00f3lo brinda a la comunidad educativa la  oportunidad de conocer c\u00f3mo se han administrado los recursos p\u00fablicos, sino que tambi\u00e9n promueve la vigilancia ciudadana, la participaci\u00f3n democr\u00e1tica y la construcci\u00f3n de una cultura de apego a la legalidad y la \u00e9tica en el \u00e1mbito p\u00fablico. La transparencia y la responsabilidad son pilares fundamentales para fortalecer la confianza y la legitimidad de las instituciones ante la ciudadan\u00eda.<\/p>\n\n\n\n<p>Conoce aqu\u00ed la cuenta p\u00fablica: <\/p>\n\n\n\n<p><a href=\"http:\/\/colegioaugustowinter.cl\/sitio\/wp-content\/uploads\/2025\/06\/Cuenta-Publica_2024-1.pdf\">http:\/\/colegioaugustowinter.cl\/sitio\/wp-content\/uploads\/2025\/06\/Cuenta-Publica_2024-1.pdf<\/a><\/p>\n","protected":false},"excerpt":{"rendered":"<p>El Colegio Augusto Winter pertenece a la Fundaci\u00f3n Educacional Pueblo Nuevo, organizaci\u00f3n sin fines de lucro que fue fundada el 19 de junio de 2017 por Jos\u00e9 Luis Velasco Guzm\u00e1n, para hacerse cargo de la Administraci\u00f3n del establecimiento, seg\u00fan lo dispuso la Ley No20.845\/2015 de Inclusi\u00f3n Escolar, por Resoluci\u00f3n Exenta del Ministerio de Educaci\u00f3n No497, [&hellip;]<\/p>\n","protected":false},"author":1,"featured_media":0,"parent":0,"menu_order":0,"comment_status":"closed","ping_status":"closed","template":"","meta":{"footnotes":""},"class_list":["post-1245","page","type-page","status-publish","hentry"],"_links":{"self":[{"href":"http:\/\/colegioaugustowinter.cl\/sitio\/index.php?rest_route=\/wp\/v2\/pages\/1245","targetHints":{"allow":["GET"]}}],"collection":[{"href":"http:\/\/colegioaugustowinter.cl\/sitio\/index.php?rest_route=\/wp\/v2\/pages"}],"about":[{"href":"http:\/\/colegioaugustowinter.cl\/sitio\/index.php?rest_route=\/wp\/v2\/types\/page"}],"author":[{"embeddable":true,"href":"http:\/\/colegioaugustowinter.cl\/sitio\/index.php?rest_route=\/wp\/v2\/users\/1"}],"replies":[{"embeddable":true,"href":"http:\/\/colegioaugustowinter.cl\/sitio\/index.php?rest_route=%2Fwp%2Fv2%2Fcomments&post=1245"}],"version-history":[{"count":14,"href":"http:\/\/colegioaugustowinter.cl\/sitio\/index.php?rest_route=\/wp\/v2\/pages\/1245\/revisions"}],"predecessor-version":[{"id":5653,"href":"http:\/\/colegioaugustowinter.cl\/sitio\/index.php?rest_route=\/wp\/v2\/pages\/1245\/revisions\/5653"}],"wp:attachment":[{"href":"http:\/\/colegioaugustowinter.cl\/sitio\/index.php?rest_route=%2Fwp%2Fv2%2Fmedia&parent=1245"}],"curies":[{"name":"wp","href":"https:\/\/api.w.org\/{rel}","templated":true}]}}